{"id":113,"date":"2016-12-28T08:03:51","date_gmt":"2016-12-28T08:03:51","guid":{"rendered":"http:\/\/povljana.org\/czech\/?page_id=113"},"modified":"2016-12-28T08:03:51","modified_gmt":"2016-12-28T08:03:51","slug":"piscita-plaz","status":"publish","type":"page","link":"https:\/\/povljana.org\/czech\/piscita-plaz\/","title":{"rendered":"P\u00eds\u010dit\u00e1 pl\u00e1\u017e"},"content":{"rendered":"<p>P\u00eds\u010dit\u00e1 pl\u00e1\u017e, pova\u017euje za hlavn\u00ed pl\u00e1\u017e, je\u00a0velmi vz\u00e1cn\u00e9 pro tuto \u010d\u00e1st Jadranu\u00a0a je nejstar\u0161\u00ed pl\u00e1\u017e v Povljana. Obsahuje sprchy a to je skv\u011bl\u00e9 speci\u00e1ln\u011b\u00a0pro lidi s mal\u00fdmi d\u011btmi,\u00a0proto\u017ee jeho p\u0159irozen\u00e9 a kr\u00e1sn\u00e9\u00a0<u>p\u00edsek, kter\u00fd je ve vod\u011b a na sou\u0161i. <\/u>Tak\u00e9 tam je mal\u00fd kopec, kde velk\u00fd strom vrh\u00e1 st\u00edn na mal\u00e9 kr\u00e1sn\u00e9 pl\u00e1\u017ee.\u00a0Na\u0161e apartm\u00e1ny jsou jen 50 metr\u016f od t\u00e9to pl\u00e1\u017ee.<\/p>\n","protected":false},"excerpt":{"rendered":"<p>P\u00eds\u010dit\u00e1 pl\u00e1\u017e, pova\u017euje za hlavn\u00ed pl\u00e1\u017e, je\u00a0velmi vz\u00e1cn\u00e9 pro tuto \u010d\u00e1st Jadranu\u00a0a je nejstar\u0161\u00ed pl\u00e1\u017e v Povljana. Obsahuje sprchy a to je skv\u011bl\u00e9 speci\u00e1ln\u011b\u00a0pro lidi s mal\u00fdmi d\u011btmi,\u00a0proto\u017ee jeho p\u0159irozen\u00e9 a kr\u00e1sn\u00e9\u00a0p\u00edsek, kter\u00fd je ve vod\u011b a na sou\u0161i. Tak\u00e9 tam je mal\u00fd kopec, kde velk\u00fd strom vrh\u00e1 st\u00edn na mal\u00e9 kr\u00e1sn\u00e9 pl\u00e1\u017ee.\u00a0Na\u0161e apartm\u00e1ny jsou<\/p>\n","protected":false},"author":1,"featured_media":0,"parent":0,"menu_order":0,"comment_status":"closed","ping_status":"closed","template":"","meta":[],"yoast_head":"<!-- This site is optimized with the Yoast SEO plugin v18.1 - https:\/\/yoast.com\/wordpress\/plugins\/seo\/ -->\n<title>P\u00eds\u010dit\u00e1 pl\u00e1\u017e | Apartm\u00e1ny MINT Povljana - Pag - Chorvatsko<\/title>\n<meta name=\"robots\" content=\"index, follow, max-snippet:-1, max-image-preview:large, max-video-preview:-1\" \/>\n<link rel=\"canonical\" href=\"https:\/\/povljana.org\/czech\/piscita-plaz\/\" \/>\n<meta property=\"og:locale\" content=\"en_US\" \/>\n<meta property=\"og:type\" content=\"article\" \/>\n<meta property=\"og:title\" content=\"P\u00eds\u010dit\u00e1 pl\u00e1\u017e | Apartm\u00e1ny MINT Povljana - Pag - Chorvatsko\" \/>\n<meta property=\"og:description\" content=\"P\u00eds\u010dit\u00e1 pl\u00e1\u017e, pova\u017euje za hlavn\u00ed pl\u00e1\u017e, je\u00a0velmi vz\u00e1cn\u00e9 pro tuto \u010d\u00e1st Jadranu\u00a0a je nejstar\u0161\u00ed pl\u00e1\u017e v Povljana. Obsahuje sprchy a to je skv\u011bl\u00e9 speci\u00e1ln\u011b\u00a0pro lidi s mal\u00fdmi d\u011btmi,\u00a0proto\u017ee jeho p\u0159irozen\u00e9 a kr\u00e1sn\u00e9\u00a0p\u00edsek, kter\u00fd je ve vod\u011b a na sou\u0161i. Tak\u00e9 tam je mal\u00fd kopec, kde velk\u00fd strom vrh\u00e1 st\u00edn na mal\u00e9 kr\u00e1sn\u00e9 pl\u00e1\u017ee.\u00a0Na\u0161e apartm\u00e1ny jsou\" \/>\n<meta property=\"og:url\" content=\"https:\/\/povljana.org\/czech\/piscita-plaz\/\" \/>\n<meta property=\"og:site_name\" content=\"Apartm\u00e1ny MINT Povljana - Pag - Chorvatsko\" \/>\n<meta property=\"article:publisher\" content=\"https:\/\/web.facebook.com\/apartmani.mint\/\" \/>\n<meta name=\"twitter:card\" content=\"summary\" \/>\n<script type=\"application\/ld+json\" class=\"yoast-schema-graph\">{\"@context\":\"https:\/\/schema.org\",\"@graph\":[{\"@type\":\"WebSite\",\"@id\":\"https:\/\/povljana.org\/czech\/#website\",\"url\":\"https:\/\/povljana.org\/czech\/\",\"name\":\"Apartm\u00e1ny MINT Povljana - Pag - Chorvatsko\",\"description\":\"Apartm\u00e1ny MINT Povljana - Pag - Chorvatsko\",\"potentialAction\":[{\"@type\":\"SearchAction\",\"target\":{\"@type\":\"EntryPoint\",\"urlTemplate\":\"https:\/\/povljana.org\/czech\/?s={search_term_string}\"},\"query-input\":\"required name=search_term_string\"}],\"inLanguage\":\"en-US\"},{\"@type\":\"WebPage\",\"@id\":\"https:\/\/povljana.org\/czech\/piscita-plaz\/#webpage\",\"url\":\"https:\/\/povljana.org\/czech\/piscita-plaz\/\",\"name\":\"P\u00eds\u010dit\u00e1 pl\u00e1\u017e | Apartm\u00e1ny MINT Povljana - Pag - Chorvatsko\",\"isPartOf\":{\"@id\":\"https:\/\/povljana.org\/czech\/#website\"},\"datePublished\":\"2016-12-28T08:03:51+00:00\",\"dateModified\":\"2016-12-28T08:03:51+00:00\",\"breadcrumb\":{\"@id\":\"https:\/\/povljana.org\/czech\/piscita-plaz\/#breadcrumb\"},\"inLanguage\":\"en-US\",\"potentialAction\":[{\"@type\":\"ReadAction\",\"target\":[\"https:\/\/povljana.org\/czech\/piscita-plaz\/\"]}]},{\"@type\":\"BreadcrumbList\",\"@id\":\"https:\/\/povljana.org\/czech\/piscita-plaz\/#breadcrumb\",\"itemListElement\":[{\"@type\":\"ListItem\",\"position\":1,\"name\":\"Po\u010detna stranica\",\"item\":\"https:\/\/povljana.org\/czech\/\"},{\"@type\":\"ListItem\",\"position\":2,\"name\":\"P\u00eds\u010dit\u00e1 pl\u00e1\u017e\"}]}]}<\/script>\n<!-- \/ Yoast SEO plugin. -->","yoast_head_json":{"title":"P\u00eds\u010dit\u00e1 pl\u00e1\u017e | Apartm\u00e1ny MINT Povljana - Pag - Chorvatsko","robots":{"index":"index","follow":"follow","max-snippet":"max-snippet:-1","max-image-preview":"max-image-preview:large","max-video-preview":"max-video-preview:-1"},"canonical":"https:\/\/povljana.org\/czech\/piscita-plaz\/","og_locale":"en_US","og_type":"article","og_title":"P\u00eds\u010dit\u00e1 pl\u00e1\u017e | Apartm\u00e1ny MINT Povljana - Pag - Chorvatsko","og_description":"P\u00eds\u010dit\u00e1 pl\u00e1\u017e, pova\u017euje za hlavn\u00ed pl\u00e1\u017e, je\u00a0velmi vz\u00e1cn\u00e9 pro tuto \u010d\u00e1st Jadranu\u00a0a je nejstar\u0161\u00ed pl\u00e1\u017e v Povljana. Obsahuje sprchy a to je skv\u011bl\u00e9 speci\u00e1ln\u011b\u00a0pro lidi s mal\u00fdmi d\u011btmi,\u00a0proto\u017ee jeho p\u0159irozen\u00e9 a kr\u00e1sn\u00e9\u00a0p\u00edsek, kter\u00fd je ve vod\u011b a na sou\u0161i. Tak\u00e9 tam je mal\u00fd kopec, kde velk\u00fd strom vrh\u00e1 st\u00edn na mal\u00e9 kr\u00e1sn\u00e9 pl\u00e1\u017ee.\u00a0Na\u0161e apartm\u00e1ny jsou","og_url":"https:\/\/povljana.org\/czech\/piscita-plaz\/","og_site_name":"Apartm\u00e1ny MINT Povljana - Pag - Chorvatsko","article_publisher":"https:\/\/web.facebook.com\/apartmani.mint\/","twitter_card":"summary","schema":{"@context":"https:\/\/schema.org","@graph":[{"@type":"WebSite","@id":"https:\/\/povljana.org\/czech\/#website","url":"https:\/\/povljana.org\/czech\/","name":"Apartm\u00e1ny MINT Povljana - Pag - Chorvatsko","description":"Apartm\u00e1ny MINT Povljana - Pag - Chorvatsko","potentialAction":[{"@type":"SearchAction","target":{"@type":"EntryPoint","urlTemplate":"https:\/\/povljana.org\/czech\/?s={search_term_string}"},"query-input":"required name=search_term_string"}],"inLanguage":"en-US"},{"@type":"WebPage","@id":"https:\/\/povljana.org\/czech\/piscita-plaz\/#webpage","url":"https:\/\/povljana.org\/czech\/piscita-plaz\/","name":"P\u00eds\u010dit\u00e1 pl\u00e1\u017e | Apartm\u00e1ny MINT Povljana - Pag - Chorvatsko","isPartOf":{"@id":"https:\/\/povljana.org\/czech\/#website"},"datePublished":"2016-12-28T08:03:51+00:00","dateModified":"2016-12-28T08:03:51+00:00","breadcrumb":{"@id":"https:\/\/povljana.org\/czech\/piscita-plaz\/#breadcrumb"},"inLanguage":"en-US","potentialAction":[{"@type":"ReadAction","target":["https:\/\/povljana.org\/czech\/piscita-plaz\/"]}]},{"@type":"BreadcrumbList","@id":"https:\/\/povljana.org\/czech\/piscita-plaz\/#breadcrumb","itemListElement":[{"@type":"ListItem","position":1,"name":"Po\u010detna stranica","item":"https:\/\/povljana.org\/czech\/"},{"@type":"ListItem","position":2,"name":"P\u00eds\u010dit\u00e1 pl\u00e1\u017e"}]}]}},"_links":{"self":[{"href":"https:\/\/povljana.org\/czech\/wp-json\/wp\/v2\/pages\/113"}],"collection":[{"href":"https:\/\/povljana.org\/czech\/wp-json\/wp\/v2\/pages"}],"about":[{"href":"https:\/\/povljana.org\/czech\/wp-json\/wp\/v2\/types\/page"}],"author":[{"embeddable":true,"href":"https:\/\/povljana.org\/czech\/wp-json\/wp\/v2\/users\/1"}],"replies":[{"embeddable":true,"href":"https:\/\/povljana.org\/czech\/wp-json\/wp\/v2\/comments?post=113"}],"version-history":[{"count":1,"href":"https:\/\/povljana.org\/czech\/wp-json\/wp\/v2\/pages\/113\/revisions"}],"predecessor-version":[{"id":116,"href":"https:\/\/povljana.org\/czech\/wp-json\/wp\/v2\/pages\/113\/revisions\/116"}],"wp:attachment":[{"href":"https:\/\/povljana.org\/czech\/wp-json\/wp\/v2\/media?parent=113"}],"curies":[{"name":"wp","href":"https:\/\/api.w.org\/{rel}","templated":true}]}}