{"id":114,"date":"2016-12-28T08:04:04","date_gmt":"2016-12-28T08:04:04","guid":{"rendered":"http:\/\/povljana.org\/czech\/?page_id=114"},"modified":"2016-12-28T08:04:04","modified_gmt":"2016-12-28T08:04:04","slug":"oblazkova-plaze","status":"publish","type":"page","link":"https:\/\/povljana.org\/czech\/oblazkova-plaze\/","title":{"rendered":"Obl\u00e1zkov\u00e1 pl\u00e1\u017ee"},"content":{"rendered":"<p>Existuje n\u011bkolik obl\u00e1zkov\u00fdch pl\u00e1\u017e\u00ed v Povljana a jsou dob\u0159e vybaveny r\u016fzn\u00fdmi z\u00e1bavy, jako jsou vodn\u00ed sk\u00fatr, placht\u011bn\u00ed, \u0161lapadla &#8230;<\/p>\n<p>Parkov\u00e1n\u00ed a sprchy jsou zdarma v Povljana, co\u017e je rozd\u00edl oproti zbytku Chorvatska.\u00a0Pl\u00e1\u017ee v Povljana maj\u00ed Modr\u00e1 vlajka, kter\u00e1 je potvrzen\u00ed o dokonal\u00e9 \u010distoty a k\u0159i\u0161\u0165\u00e1lov\u011b \u010dist\u00e9 mo\u0159e.<\/p>\n<p>Ostatn\u00ed na pl\u00e1\u017e\u00edch: Jet ski, surfov\u00e1n\u00ed, vodn\u00ed ly\u017eov\u00e1n\u00ed, slune\u010dn\u00edky, kav\u00e1rny, pl\u00e1\u017eov\u00fd volejbal, \u0161lapadla<\/p>\n","protected":false},"excerpt":{"rendered":"<p>Existuje n\u011bkolik obl\u00e1zkov\u00fdch pl\u00e1\u017e\u00ed v Povljana a jsou dob\u0159e vybaveny r\u016fzn\u00fdmi z\u00e1bavy, jako jsou vodn\u00ed sk\u00fatr, placht\u011bn\u00ed, \u0161lapadla &#8230; Parkov\u00e1n\u00ed a sprchy jsou zdarma v Povljana, co\u017e je rozd\u00edl oproti zbytku Chorvatska.\u00a0Pl\u00e1\u017ee v Povljana maj\u00ed Modr\u00e1 vlajka, kter\u00e1 je potvrzen\u00ed o dokonal\u00e9 \u010distoty a k\u0159i\u0161\u0165\u00e1lov\u011b \u010dist\u00e9 mo\u0159e. Ostatn\u00ed na pl\u00e1\u017e\u00edch: Jet ski, surfov\u00e1n\u00ed, vodn\u00ed ly\u017eov\u00e1n\u00ed,<\/p>\n","protected":false},"author":1,"featured_media":0,"parent":0,"menu_order":0,"comment_status":"closed","ping_status":"closed","template":"","meta":[],"yoast_head":"<!-- This site is optimized with the Yoast SEO plugin v18.1 - https:\/\/yoast.com\/wordpress\/plugins\/seo\/ -->\n<title>Obl\u00e1zkov\u00e1 pl\u00e1\u017ee | Apartm\u00e1ny MINT Povljana - Pag - Chorvatsko<\/title>\n<meta name=\"robots\" content=\"index, follow, max-snippet:-1, max-image-preview:large, max-video-preview:-1\" \/>\n<link rel=\"canonical\" href=\"https:\/\/povljana.org\/czech\/oblazkova-plaze\/\" \/>\n<meta property=\"og:locale\" content=\"en_US\" \/>\n<meta property=\"og:type\" content=\"article\" \/>\n<meta property=\"og:title\" content=\"Obl\u00e1zkov\u00e1 pl\u00e1\u017ee | Apartm\u00e1ny MINT Povljana - Pag - Chorvatsko\" \/>\n<meta property=\"og:description\" content=\"Existuje n\u011bkolik obl\u00e1zkov\u00fdch pl\u00e1\u017e\u00ed v Povljana a jsou dob\u0159e vybaveny r\u016fzn\u00fdmi z\u00e1bavy, jako jsou vodn\u00ed sk\u00fatr, placht\u011bn\u00ed, \u0161lapadla &#8230; Parkov\u00e1n\u00ed a sprchy jsou zdarma v Povljana, co\u017e je rozd\u00edl oproti zbytku Chorvatska.\u00a0Pl\u00e1\u017ee v Povljana maj\u00ed Modr\u00e1 vlajka, kter\u00e1 je potvrzen\u00ed o dokonal\u00e9 \u010distoty a k\u0159i\u0161\u0165\u00e1lov\u011b \u010dist\u00e9 mo\u0159e. Ostatn\u00ed na pl\u00e1\u017e\u00edch: Jet ski, surfov\u00e1n\u00ed, vodn\u00ed ly\u017eov\u00e1n\u00ed,\" \/>\n<meta property=\"og:url\" content=\"https:\/\/povljana.org\/czech\/oblazkova-plaze\/\" \/>\n<meta property=\"og:site_name\" content=\"Apartm\u00e1ny MINT Povljana - Pag - Chorvatsko\" \/>\n<meta property=\"article:publisher\" content=\"https:\/\/web.facebook.com\/apartmani.mint\/\" \/>\n<meta name=\"twitter:card\" content=\"summary\" \/>\n<script type=\"application\/ld+json\" class=\"yoast-schema-graph\">{\"@context\":\"https:\/\/schema.org\",\"@graph\":[{\"@type\":\"WebSite\",\"@id\":\"https:\/\/povljana.org\/czech\/#website\",\"url\":\"https:\/\/povljana.org\/czech\/\",\"name\":\"Apartm\u00e1ny MINT Povljana - Pag - Chorvatsko\",\"description\":\"Apartm\u00e1ny MINT Povljana - Pag - Chorvatsko\",\"potentialAction\":[{\"@type\":\"SearchAction\",\"target\":{\"@type\":\"EntryPoint\",\"urlTemplate\":\"https:\/\/povljana.org\/czech\/?s={search_term_string}\"},\"query-input\":\"required name=search_term_string\"}],\"inLanguage\":\"en-US\"},{\"@type\":\"WebPage\",\"@id\":\"https:\/\/povljana.org\/czech\/oblazkova-plaze\/#webpage\",\"url\":\"https:\/\/povljana.org\/czech\/oblazkova-plaze\/\",\"name\":\"Obl\u00e1zkov\u00e1 pl\u00e1\u017ee | Apartm\u00e1ny MINT Povljana - Pag - Chorvatsko\",\"isPartOf\":{\"@id\":\"https:\/\/povljana.org\/czech\/#website\"},\"datePublished\":\"2016-12-28T08:04:04+00:00\",\"dateModified\":\"2016-12-28T08:04:04+00:00\",\"breadcrumb\":{\"@id\":\"https:\/\/povljana.org\/czech\/oblazkova-plaze\/#breadcrumb\"},\"inLanguage\":\"en-US\",\"potentialAction\":[{\"@type\":\"ReadAction\",\"target\":[\"https:\/\/povljana.org\/czech\/oblazkova-plaze\/\"]}]},{\"@type\":\"BreadcrumbList\",\"@id\":\"https:\/\/povljana.org\/czech\/oblazkova-plaze\/#breadcrumb\",\"itemListElement\":[{\"@type\":\"ListItem\",\"position\":1,\"name\":\"Po\u010detna stranica\",\"item\":\"https:\/\/povljana.org\/czech\/\"},{\"@type\":\"ListItem\",\"position\":2,\"name\":\"Obl\u00e1zkov\u00e1 pl\u00e1\u017ee\"}]}]}<\/script>\n<!-- \/ Yoast SEO plugin. -->","yoast_head_json":{"title":"Obl\u00e1zkov\u00e1 pl\u00e1\u017ee | Apartm\u00e1ny MINT Povljana - Pag - Chorvatsko","robots":{"index":"index","follow":"follow","max-snippet":"max-snippet:-1","max-image-preview":"max-image-preview:large","max-video-preview":"max-video-preview:-1"},"canonical":"https:\/\/povljana.org\/czech\/oblazkova-plaze\/","og_locale":"en_US","og_type":"article","og_title":"Obl\u00e1zkov\u00e1 pl\u00e1\u017ee | Apartm\u00e1ny MINT Povljana - Pag - Chorvatsko","og_description":"Existuje n\u011bkolik obl\u00e1zkov\u00fdch pl\u00e1\u017e\u00ed v Povljana a jsou dob\u0159e vybaveny r\u016fzn\u00fdmi z\u00e1bavy, jako jsou vodn\u00ed sk\u00fatr, placht\u011bn\u00ed, \u0161lapadla &#8230; Parkov\u00e1n\u00ed a sprchy jsou zdarma v Povljana, co\u017e je rozd\u00edl oproti zbytku Chorvatska.\u00a0Pl\u00e1\u017ee v Povljana maj\u00ed Modr\u00e1 vlajka, kter\u00e1 je potvrzen\u00ed o dokonal\u00e9 \u010distoty a k\u0159i\u0161\u0165\u00e1lov\u011b \u010dist\u00e9 mo\u0159e. Ostatn\u00ed na pl\u00e1\u017e\u00edch: Jet ski, surfov\u00e1n\u00ed, vodn\u00ed ly\u017eov\u00e1n\u00ed,","og_url":"https:\/\/povljana.org\/czech\/oblazkova-plaze\/","og_site_name":"Apartm\u00e1ny MINT Povljana - Pag - Chorvatsko","article_publisher":"https:\/\/web.facebook.com\/apartmani.mint\/","twitter_card":"summary","schema":{"@context":"https:\/\/schema.org","@graph":[{"@type":"WebSite","@id":"https:\/\/povljana.org\/czech\/#website","url":"https:\/\/povljana.org\/czech\/","name":"Apartm\u00e1ny MINT Povljana - Pag - Chorvatsko","description":"Apartm\u00e1ny MINT Povljana - Pag - Chorvatsko","potentialAction":[{"@type":"SearchAction","target":{"@type":"EntryPoint","urlTemplate":"https:\/\/povljana.org\/czech\/?s={search_term_string}"},"query-input":"required name=search_term_string"}],"inLanguage":"en-US"},{"@type":"WebPage","@id":"https:\/\/povljana.org\/czech\/oblazkova-plaze\/#webpage","url":"https:\/\/povljana.org\/czech\/oblazkova-plaze\/","name":"Obl\u00e1zkov\u00e1 pl\u00e1\u017ee | Apartm\u00e1ny MINT Povljana - Pag - Chorvatsko","isPartOf":{"@id":"https:\/\/povljana.org\/czech\/#website"},"datePublished":"2016-12-28T08:04:04+00:00","dateModified":"2016-12-28T08:04:04+00:00","breadcrumb":{"@id":"https:\/\/povljana.org\/czech\/oblazkova-plaze\/#breadcrumb"},"inLanguage":"en-US","potentialAction":[{"@type":"ReadAction","target":["https:\/\/povljana.org\/czech\/oblazkova-plaze\/"]}]},{"@type":"BreadcrumbList","@id":"https:\/\/povljana.org\/czech\/oblazkova-plaze\/#breadcrumb","itemListElement":[{"@type":"ListItem","position":1,"name":"Po\u010detna stranica","item":"https:\/\/povljana.org\/czech\/"},{"@type":"ListItem","position":2,"name":"Obl\u00e1zkov\u00e1 pl\u00e1\u017ee"}]}]}},"_links":{"self":[{"href":"https:\/\/povljana.org\/czech\/wp-json\/wp\/v2\/pages\/114"}],"collection":[{"href":"https:\/\/povljana.org\/czech\/wp-json\/wp\/v2\/pages"}],"about":[{"href":"https:\/\/povljana.org\/czech\/wp-json\/wp\/v2\/types\/page"}],"author":[{"embeddable":true,"href":"https:\/\/povljana.org\/czech\/wp-json\/wp\/v2\/users\/1"}],"replies":[{"embeddable":true,"href":"https:\/\/povljana.org\/czech\/wp-json\/wp\/v2\/comments?post=114"}],"version-history":[{"count":1,"href":"https:\/\/povljana.org\/czech\/wp-json\/wp\/v2\/pages\/114\/revisions"}],"predecessor-version":[{"id":117,"href":"https:\/\/povljana.org\/czech\/wp-json\/wp\/v2\/pages\/114\/revisions\/117"}],"wp:attachment":[{"href":"https:\/\/povljana.org\/czech\/wp-json\/wp\/v2\/media?parent=114"}],"curies":[{"name":"wp","href":"https:\/\/api.w.org\/{rel}","templated":true}]}}