{"id":120,"date":"2016-12-28T08:09:11","date_gmt":"2016-12-28T08:09:11","guid":{"rendered":"http:\/\/povljana.org\/czech\/?page_id=120"},"modified":"2016-12-28T08:09:11","modified_gmt":"2016-12-28T08:09:11","slug":"lecebne-bahno-segal","status":"publish","type":"page","link":"https:\/\/povljana.org\/czech\/lecebne-bahno-segal\/","title":{"rendered":"L\u00e9\u010debn\u00e9 bahno &#8220;Segal&#8221;"},"content":{"rendered":"<p>&#8220;West Povljana, p\u0159\u00edmo na pl\u00e1\u017ei Dubrovn\u00edk je obklopen borov\u00fdm lesem, najdete jezero Segal s bahnit\u00fdm sedimentem. Fyzick\u00e1 terapeutick\u00e9 \u010dinidlo, jako peloidu, spolu s slunce, mo\u0159e a \u010dist\u00fd vzduch, je p\u0159\u00edzniv\u00fd faktor v zachov\u00e1n\u00ed a zlep\u0161en\u00ed n\u011b\u010d\u00ed zdrav\u00ed a pohody, prevence a l\u00e9\u010den\u00ed r\u016fzn\u00fdch nemoc\u00ed, stejn\u011b jako zotavuje z nich. Terapeutick\u00e1 peloid jsou ide\u00e1ln\u00ed pro l\u00e9\u010den\u00ed degenerativn\u00edch onemocn\u011bn\u00ed, revmatick\u00e9 artritidy a ko\u017en\u00edch onemocn\u011bn\u00ed.<\/p>\n<p>To je \u010dasto pou\u017e\u00edv\u00e1n jako obklad pro \u017ealudku a oblasti ledvin v p\u0159\u00edpad\u011b gastrointestin\u00e1ln\u00edch onemocn\u011bn\u00ed, jako\u017e i onemocn\u011bn\u00ed pohlavn\u00edch org\u00e1n\u016f a mo\u010dov\u00e9ho syst\u00e9mu. Pou\u017e\u00edv\u00e1 se v p\u0159\u00edpad\u011b, revmatick\u00fdch onemocn\u011bn\u00ed, jako obklad a povlak pro zbran\u00ed, jednotliv\u00e9 spoje nebo skupin velk\u00fdch kloub\u016f a p\u00e1te\u0159e. P\u0159\u00edrodn\u00ed bahno je pova\u017eov\u00e1n za dobr\u00fd prost\u0159edek pro detoxikaci. Naj\u00edt sv\u00e9 vlastn\u00ed m\u00edsto na pl\u00e1\u017ei, na skal\u00e1ch nebo pod borovicemi, a dejte si se k relaxa\u010dn\u00ed a terapeutick\u00fd \u00fa\u010dinek prosp\u011b\u0161n\u00e9 klimatick\u00fdch, n\u00e1mo\u0159n\u00ed a balneologick\u00fdch faktor\u016f.<\/p>\n","protected":false},"excerpt":{"rendered":"<p>&#8220;West Povljana, p\u0159\u00edmo na pl\u00e1\u017ei Dubrovn\u00edk je obklopen borov\u00fdm lesem, najdete jezero Segal s bahnit\u00fdm sedimentem. Fyzick\u00e1 terapeutick\u00e9 \u010dinidlo, jako peloidu, spolu s slunce, mo\u0159e a \u010dist\u00fd vzduch, je p\u0159\u00edzniv\u00fd faktor v zachov\u00e1n\u00ed a zlep\u0161en\u00ed n\u011b\u010d\u00ed zdrav\u00ed a pohody, prevence a l\u00e9\u010den\u00ed r\u016fzn\u00fdch nemoc\u00ed, stejn\u011b jako zotavuje z nich. Terapeutick\u00e1 peloid jsou ide\u00e1ln\u00ed pro l\u00e9\u010den\u00ed<\/p>\n","protected":false},"author":1,"featured_media":0,"parent":0,"menu_order":0,"comment_status":"closed","ping_status":"closed","template":"","meta":[],"yoast_head":"<!-- This site is optimized with the Yoast SEO plugin v18.1 - https:\/\/yoast.com\/wordpress\/plugins\/seo\/ -->\n<title>L\u00e9\u010debn\u00e9 bahno &quot;Segal&quot; | Apartm\u00e1ny MINT Povljana - Pag - Chorvatsko<\/title>\n<meta name=\"robots\" content=\"index, follow, max-snippet:-1, max-image-preview:large, max-video-preview:-1\" \/>\n<link rel=\"canonical\" href=\"https:\/\/povljana.org\/czech\/lecebne-bahno-segal\/\" \/>\n<meta property=\"og:locale\" content=\"en_US\" \/>\n<meta property=\"og:type\" content=\"article\" \/>\n<meta property=\"og:title\" content=\"L\u00e9\u010debn\u00e9 bahno &quot;Segal&quot; | Apartm\u00e1ny MINT Povljana - Pag - Chorvatsko\" \/>\n<meta property=\"og:description\" content=\"&#8220;West Povljana, p\u0159\u00edmo na pl\u00e1\u017ei Dubrovn\u00edk je obklopen borov\u00fdm lesem, najdete jezero Segal s bahnit\u00fdm sedimentem. Fyzick\u00e1 terapeutick\u00e9 \u010dinidlo, jako peloidu, spolu s slunce, mo\u0159e a \u010dist\u00fd vzduch, je p\u0159\u00edzniv\u00fd faktor v zachov\u00e1n\u00ed a zlep\u0161en\u00ed n\u011b\u010d\u00ed zdrav\u00ed a pohody, prevence a l\u00e9\u010den\u00ed r\u016fzn\u00fdch nemoc\u00ed, stejn\u011b jako zotavuje z nich. Terapeutick\u00e1 peloid jsou ide\u00e1ln\u00ed pro l\u00e9\u010den\u00ed\" \/>\n<meta property=\"og:url\" content=\"https:\/\/povljana.org\/czech\/lecebne-bahno-segal\/\" \/>\n<meta property=\"og:site_name\" content=\"Apartm\u00e1ny MINT Povljana - Pag - Chorvatsko\" \/>\n<meta property=\"article:publisher\" content=\"https:\/\/web.facebook.com\/apartmani.mint\/\" \/>\n<meta name=\"twitter:card\" content=\"summary\" \/>\n<meta name=\"twitter:label1\" content=\"Est. reading time\" \/>\n\t<meta name=\"twitter:data1\" content=\"1 minute\" \/>\n<script type=\"application\/ld+json\" class=\"yoast-schema-graph\">{\"@context\":\"https:\/\/schema.org\",\"@graph\":[{\"@type\":\"WebSite\",\"@id\":\"https:\/\/povljana.org\/czech\/#website\",\"url\":\"https:\/\/povljana.org\/czech\/\",\"name\":\"Apartm\u00e1ny MINT Povljana - Pag - Chorvatsko\",\"description\":\"Apartm\u00e1ny MINT Povljana - Pag - Chorvatsko\",\"potentialAction\":[{\"@type\":\"SearchAction\",\"target\":{\"@type\":\"EntryPoint\",\"urlTemplate\":\"https:\/\/povljana.org\/czech\/?s={search_term_string}\"},\"query-input\":\"required name=search_term_string\"}],\"inLanguage\":\"en-US\"},{\"@type\":\"WebPage\",\"@id\":\"https:\/\/povljana.org\/czech\/lecebne-bahno-segal\/#webpage\",\"url\":\"https:\/\/povljana.org\/czech\/lecebne-bahno-segal\/\",\"name\":\"L\u00e9\u010debn\u00e9 bahno \\\"Segal\\\" | Apartm\u00e1ny MINT Povljana - Pag - Chorvatsko\",\"isPartOf\":{\"@id\":\"https:\/\/povljana.org\/czech\/#website\"},\"datePublished\":\"2016-12-28T08:09:11+00:00\",\"dateModified\":\"2016-12-28T08:09:11+00:00\",\"breadcrumb\":{\"@id\":\"https:\/\/povljana.org\/czech\/lecebne-bahno-segal\/#breadcrumb\"},\"inLanguage\":\"en-US\",\"potentialAction\":[{\"@type\":\"ReadAction\",\"target\":[\"https:\/\/povljana.org\/czech\/lecebne-bahno-segal\/\"]}]},{\"@type\":\"BreadcrumbList\",\"@id\":\"https:\/\/povljana.org\/czech\/lecebne-bahno-segal\/#breadcrumb\",\"itemListElement\":[{\"@type\":\"ListItem\",\"position\":1,\"name\":\"Po\u010detna stranica\",\"item\":\"https:\/\/povljana.org\/czech\/\"},{\"@type\":\"ListItem\",\"position\":2,\"name\":\"L\u00e9\u010debn\u00e9 bahno &#8220;Segal&#8221;\"}]}]}<\/script>\n<!-- \/ Yoast SEO plugin. -->","yoast_head_json":{"title":"L\u00e9\u010debn\u00e9 bahno \"Segal\" | Apartm\u00e1ny MINT Povljana - Pag - Chorvatsko","robots":{"index":"index","follow":"follow","max-snippet":"max-snippet:-1","max-image-preview":"max-image-preview:large","max-video-preview":"max-video-preview:-1"},"canonical":"https:\/\/povljana.org\/czech\/lecebne-bahno-segal\/","og_locale":"en_US","og_type":"article","og_title":"L\u00e9\u010debn\u00e9 bahno \"Segal\" | Apartm\u00e1ny MINT Povljana - Pag - Chorvatsko","og_description":"&#8220;West Povljana, p\u0159\u00edmo na pl\u00e1\u017ei Dubrovn\u00edk je obklopen borov\u00fdm lesem, najdete jezero Segal s bahnit\u00fdm sedimentem. Fyzick\u00e1 terapeutick\u00e9 \u010dinidlo, jako peloidu, spolu s slunce, mo\u0159e a \u010dist\u00fd vzduch, je p\u0159\u00edzniv\u00fd faktor v zachov\u00e1n\u00ed a zlep\u0161en\u00ed n\u011b\u010d\u00ed zdrav\u00ed a pohody, prevence a l\u00e9\u010den\u00ed r\u016fzn\u00fdch nemoc\u00ed, stejn\u011b jako zotavuje z nich. Terapeutick\u00e1 peloid jsou ide\u00e1ln\u00ed pro l\u00e9\u010den\u00ed","og_url":"https:\/\/povljana.org\/czech\/lecebne-bahno-segal\/","og_site_name":"Apartm\u00e1ny MINT Povljana - Pag - Chorvatsko","article_publisher":"https:\/\/web.facebook.com\/apartmani.mint\/","twitter_card":"summary","twitter_misc":{"Est. reading time":"1 minute"},"schema":{"@context":"https:\/\/schema.org","@graph":[{"@type":"WebSite","@id":"https:\/\/povljana.org\/czech\/#website","url":"https:\/\/povljana.org\/czech\/","name":"Apartm\u00e1ny MINT Povljana - Pag - Chorvatsko","description":"Apartm\u00e1ny MINT Povljana - Pag - Chorvatsko","potentialAction":[{"@type":"SearchAction","target":{"@type":"EntryPoint","urlTemplate":"https:\/\/povljana.org\/czech\/?s={search_term_string}"},"query-input":"required name=search_term_string"}],"inLanguage":"en-US"},{"@type":"WebPage","@id":"https:\/\/povljana.org\/czech\/lecebne-bahno-segal\/#webpage","url":"https:\/\/povljana.org\/czech\/lecebne-bahno-segal\/","name":"L\u00e9\u010debn\u00e9 bahno \"Segal\" | Apartm\u00e1ny MINT Povljana - Pag - Chorvatsko","isPartOf":{"@id":"https:\/\/povljana.org\/czech\/#website"},"datePublished":"2016-12-28T08:09:11+00:00","dateModified":"2016-12-28T08:09:11+00:00","breadcrumb":{"@id":"https:\/\/povljana.org\/czech\/lecebne-bahno-segal\/#breadcrumb"},"inLanguage":"en-US","potentialAction":[{"@type":"ReadAction","target":["https:\/\/povljana.org\/czech\/lecebne-bahno-segal\/"]}]},{"@type":"BreadcrumbList","@id":"https:\/\/povljana.org\/czech\/lecebne-bahno-segal\/#breadcrumb","itemListElement":[{"@type":"ListItem","position":1,"name":"Po\u010detna stranica","item":"https:\/\/povljana.org\/czech\/"},{"@type":"ListItem","position":2,"name":"L\u00e9\u010debn\u00e9 bahno &#8220;Segal&#8221;"}]}]}},"_links":{"self":[{"href":"https:\/\/povljana.org\/czech\/wp-json\/wp\/v2\/pages\/120"}],"collection":[{"href":"https:\/\/povljana.org\/czech\/wp-json\/wp\/v2\/pages"}],"about":[{"href":"https:\/\/povljana.org\/czech\/wp-json\/wp\/v2\/types\/page"}],"author":[{"embeddable":true,"href":"https:\/\/povljana.org\/czech\/wp-json\/wp\/v2\/users\/1"}],"replies":[{"embeddable":true,"href":"https:\/\/povljana.org\/czech\/wp-json\/wp\/v2\/comments?post=120"}],"version-history":[{"count":1,"href":"https:\/\/povljana.org\/czech\/wp-json\/wp\/v2\/pages\/120\/revisions"}],"predecessor-version":[{"id":122,"href":"https:\/\/povljana.org\/czech\/wp-json\/wp\/v2\/pages\/120\/revisions\/122"}],"wp:attachment":[{"href":"https:\/\/povljana.org\/czech\/wp-json\/wp\/v2\/media?parent=120"}],"curies":[{"name":"wp","href":"https:\/\/api.w.org\/{rel}","templated":true}]}}