{"id":124,"date":"2016-12-28T08:14:47","date_gmt":"2016-12-28T08:14:47","guid":{"rendered":"http:\/\/povljana.org\/czech\/?page_id=124"},"modified":"2016-12-28T08:14:47","modified_gmt":"2016-12-28T08:14:47","slug":"trail-ptica-veliko-blato","status":"publish","type":"page","link":"https:\/\/povljana.org\/czech\/trail-ptica-veliko-blato\/","title":{"rendered":"Trail &#8220;ptica&#8221; Veliko Blato"},"content":{"rendered":"<p>V samotn\u00e9m v\u00fdjezdu z Povljan\u011b je velmi atraktivn\u00ed cesta pro v\u0161echny kategorie, asfaltov\u00e1, \u00fazk\u00e1 a ne p\u0159\u00edli\u0161 p\u0159epln\u011bn\u00e9 silnice. Pohon vede k oblasti ornitologick\u00e1 rezervace &#8220;Veliko blato&#8221; (vid\u011bt kr\u00e1sy rezervy budete muset koupit vstupenky v turistick\u00e9 kancel\u00e1\u0159i v Povljana). Trasa kon\u010d\u00ed na 5,5 km od m\u011bsta Vla\u0161i\u0107i. Pokud m\u00e1te odbo\u010dit vpravo p\u0159ed Vla\u0161i\u0107i v\u00e1m doraz\u00ed v Smokvica, a to je &#8220;Smokvica&#8221; exit.<\/p>\n<p>\u00bb5 700 m dlouh\u00fd<\/p>\n<p>\u00bbPro v\u0161echny typy j\u00edzdn\u00edch kol<\/p>\n<p>\u00bb\u00dazk\u00e9 asfaltov\u00e9 silnice<\/p>\n<p>\u00bbV\u00fd\u0161kov\u011b nadmo\u0159sk\u00e9 v\u00fd\u0161ce 35 m<\/p>\n","protected":false},"excerpt":{"rendered":"<p>V samotn\u00e9m v\u00fdjezdu z Povljan\u011b je velmi atraktivn\u00ed cesta pro v\u0161echny kategorie, asfaltov\u00e1, \u00fazk\u00e1 a ne p\u0159\u00edli\u0161 p\u0159epln\u011bn\u00e9 silnice. Pohon vede k oblasti ornitologick\u00e1 rezervace &#8220;Veliko blato&#8221; (vid\u011bt kr\u00e1sy rezervy budete muset koupit vstupenky v turistick\u00e9 kancel\u00e1\u0159i v Povljana). Trasa kon\u010d\u00ed na 5,5 km od m\u011bsta Vla\u0161i\u0107i. Pokud m\u00e1te odbo\u010dit vpravo p\u0159ed Vla\u0161i\u0107i v\u00e1m doraz\u00ed<\/p>\n","protected":false},"author":1,"featured_media":0,"parent":0,"menu_order":0,"comment_status":"closed","ping_status":"closed","template":"","meta":[],"yoast_head":"<!-- This site is optimized with the Yoast SEO plugin v18.1 - https:\/\/yoast.com\/wordpress\/plugins\/seo\/ -->\n<title>Trail &quot;ptica&quot; Veliko Blato | Apartm\u00e1ny MINT Povljana - Pag - Chorvatsko<\/title>\n<meta name=\"robots\" content=\"index, follow, max-snippet:-1, max-image-preview:large, max-video-preview:-1\" \/>\n<link rel=\"canonical\" href=\"https:\/\/povljana.org\/czech\/trail-ptica-veliko-blato\/\" \/>\n<meta property=\"og:locale\" content=\"en_US\" \/>\n<meta property=\"og:type\" content=\"article\" \/>\n<meta property=\"og:title\" content=\"Trail &quot;ptica&quot; Veliko Blato | Apartm\u00e1ny MINT Povljana - Pag - Chorvatsko\" \/>\n<meta property=\"og:description\" content=\"V samotn\u00e9m v\u00fdjezdu z Povljan\u011b je velmi atraktivn\u00ed cesta pro v\u0161echny kategorie, asfaltov\u00e1, \u00fazk\u00e1 a ne p\u0159\u00edli\u0161 p\u0159epln\u011bn\u00e9 silnice. Pohon vede k oblasti ornitologick\u00e1 rezervace &#8220;Veliko blato&#8221; (vid\u011bt kr\u00e1sy rezervy budete muset koupit vstupenky v turistick\u00e9 kancel\u00e1\u0159i v Povljana). Trasa kon\u010d\u00ed na 5,5 km od m\u011bsta Vla\u0161i\u0107i. Pokud m\u00e1te odbo\u010dit vpravo p\u0159ed Vla\u0161i\u0107i v\u00e1m doraz\u00ed\" \/>\n<meta property=\"og:url\" content=\"https:\/\/povljana.org\/czech\/trail-ptica-veliko-blato\/\" \/>\n<meta property=\"og:site_name\" content=\"Apartm\u00e1ny MINT Povljana - Pag - Chorvatsko\" \/>\n<meta property=\"article:publisher\" content=\"https:\/\/web.facebook.com\/apartmani.mint\/\" \/>\n<meta name=\"twitter:card\" content=\"summary\" \/>\n<script type=\"application\/ld+json\" class=\"yoast-schema-graph\">{\"@context\":\"https:\/\/schema.org\",\"@graph\":[{\"@type\":\"WebSite\",\"@id\":\"https:\/\/povljana.org\/czech\/#website\",\"url\":\"https:\/\/povljana.org\/czech\/\",\"name\":\"Apartm\u00e1ny MINT Povljana - Pag - Chorvatsko\",\"description\":\"Apartm\u00e1ny MINT Povljana - Pag - Chorvatsko\",\"potentialAction\":[{\"@type\":\"SearchAction\",\"target\":{\"@type\":\"EntryPoint\",\"urlTemplate\":\"https:\/\/povljana.org\/czech\/?s={search_term_string}\"},\"query-input\":\"required name=search_term_string\"}],\"inLanguage\":\"en-US\"},{\"@type\":\"WebPage\",\"@id\":\"https:\/\/povljana.org\/czech\/trail-ptica-veliko-blato\/#webpage\",\"url\":\"https:\/\/povljana.org\/czech\/trail-ptica-veliko-blato\/\",\"name\":\"Trail \\\"ptica\\\" Veliko Blato | Apartm\u00e1ny MINT Povljana - Pag - Chorvatsko\",\"isPartOf\":{\"@id\":\"https:\/\/povljana.org\/czech\/#website\"},\"datePublished\":\"2016-12-28T08:14:47+00:00\",\"dateModified\":\"2016-12-28T08:14:47+00:00\",\"breadcrumb\":{\"@id\":\"https:\/\/povljana.org\/czech\/trail-ptica-veliko-blato\/#breadcrumb\"},\"inLanguage\":\"en-US\",\"potentialAction\":[{\"@type\":\"ReadAction\",\"target\":[\"https:\/\/povljana.org\/czech\/trail-ptica-veliko-blato\/\"]}]},{\"@type\":\"BreadcrumbList\",\"@id\":\"https:\/\/povljana.org\/czech\/trail-ptica-veliko-blato\/#breadcrumb\",\"itemListElement\":[{\"@type\":\"ListItem\",\"position\":1,\"name\":\"Po\u010detna stranica\",\"item\":\"https:\/\/povljana.org\/czech\/\"},{\"@type\":\"ListItem\",\"position\":2,\"name\":\"Trail &#8220;ptica&#8221; Veliko Blato\"}]}]}<\/script>\n<!-- \/ Yoast SEO plugin. -->","yoast_head_json":{"title":"Trail \"ptica\" Veliko Blato | Apartm\u00e1ny MINT Povljana - Pag - Chorvatsko","robots":{"index":"index","follow":"follow","max-snippet":"max-snippet:-1","max-image-preview":"max-image-preview:large","max-video-preview":"max-video-preview:-1"},"canonical":"https:\/\/povljana.org\/czech\/trail-ptica-veliko-blato\/","og_locale":"en_US","og_type":"article","og_title":"Trail \"ptica\" Veliko Blato | Apartm\u00e1ny MINT Povljana - Pag - Chorvatsko","og_description":"V samotn\u00e9m v\u00fdjezdu z Povljan\u011b je velmi atraktivn\u00ed cesta pro v\u0161echny kategorie, asfaltov\u00e1, \u00fazk\u00e1 a ne p\u0159\u00edli\u0161 p\u0159epln\u011bn\u00e9 silnice. Pohon vede k oblasti ornitologick\u00e1 rezervace &#8220;Veliko blato&#8221; (vid\u011bt kr\u00e1sy rezervy budete muset koupit vstupenky v turistick\u00e9 kancel\u00e1\u0159i v Povljana). Trasa kon\u010d\u00ed na 5,5 km od m\u011bsta Vla\u0161i\u0107i. Pokud m\u00e1te odbo\u010dit vpravo p\u0159ed Vla\u0161i\u0107i v\u00e1m doraz\u00ed","og_url":"https:\/\/povljana.org\/czech\/trail-ptica-veliko-blato\/","og_site_name":"Apartm\u00e1ny MINT Povljana - Pag - Chorvatsko","article_publisher":"https:\/\/web.facebook.com\/apartmani.mint\/","twitter_card":"summary","schema":{"@context":"https:\/\/schema.org","@graph":[{"@type":"WebSite","@id":"https:\/\/povljana.org\/czech\/#website","url":"https:\/\/povljana.org\/czech\/","name":"Apartm\u00e1ny MINT Povljana - Pag - Chorvatsko","description":"Apartm\u00e1ny MINT Povljana - Pag - Chorvatsko","potentialAction":[{"@type":"SearchAction","target":{"@type":"EntryPoint","urlTemplate":"https:\/\/povljana.org\/czech\/?s={search_term_string}"},"query-input":"required name=search_term_string"}],"inLanguage":"en-US"},{"@type":"WebPage","@id":"https:\/\/povljana.org\/czech\/trail-ptica-veliko-blato\/#webpage","url":"https:\/\/povljana.org\/czech\/trail-ptica-veliko-blato\/","name":"Trail \"ptica\" Veliko Blato | Apartm\u00e1ny MINT Povljana - Pag - Chorvatsko","isPartOf":{"@id":"https:\/\/povljana.org\/czech\/#website"},"datePublished":"2016-12-28T08:14:47+00:00","dateModified":"2016-12-28T08:14:47+00:00","breadcrumb":{"@id":"https:\/\/povljana.org\/czech\/trail-ptica-veliko-blato\/#breadcrumb"},"inLanguage":"en-US","potentialAction":[{"@type":"ReadAction","target":["https:\/\/povljana.org\/czech\/trail-ptica-veliko-blato\/"]}]},{"@type":"BreadcrumbList","@id":"https:\/\/povljana.org\/czech\/trail-ptica-veliko-blato\/#breadcrumb","itemListElement":[{"@type":"ListItem","position":1,"name":"Po\u010detna stranica","item":"https:\/\/povljana.org\/czech\/"},{"@type":"ListItem","position":2,"name":"Trail &#8220;ptica&#8221; Veliko Blato"}]}]}},"_links":{"self":[{"href":"https:\/\/povljana.org\/czech\/wp-json\/wp\/v2\/pages\/124"}],"collection":[{"href":"https:\/\/povljana.org\/czech\/wp-json\/wp\/v2\/pages"}],"about":[{"href":"https:\/\/povljana.org\/czech\/wp-json\/wp\/v2\/types\/page"}],"author":[{"embeddable":true,"href":"https:\/\/povljana.org\/czech\/wp-json\/wp\/v2\/users\/1"}],"replies":[{"embeddable":true,"href":"https:\/\/povljana.org\/czech\/wp-json\/wp\/v2\/comments?post=124"}],"version-history":[{"count":1,"href":"https:\/\/povljana.org\/czech\/wp-json\/wp\/v2\/pages\/124\/revisions"}],"predecessor-version":[{"id":131,"href":"https:\/\/povljana.org\/czech\/wp-json\/wp\/v2\/pages\/124\/revisions\/131"}],"wp:attachment":[{"href":"https:\/\/povljana.org\/czech\/wp-json\/wp\/v2\/media?parent=124"}],"curies":[{"name":"wp","href":"https:\/\/api.w.org\/{rel}","templated":true}]}}