{"id":125,"date":"2016-12-28T08:14:11","date_gmt":"2016-12-28T08:14:11","guid":{"rendered":"http:\/\/povljana.org\/czech\/?page_id=125"},"modified":"2016-12-28T08:14:11","modified_gmt":"2016-12-28T08:14:11","slug":"trail-smokvica","status":"publish","type":"page","link":"https:\/\/povljana.org\/czech\/trail-smokvica\/","title":{"rendered":"Trail &#8220;Smokvica&#8221;"},"content":{"rendered":"<p>Po 1 km od Povljan\u011b sm\u011brem Stara Povljana z\u00e1livu, odbo\u010dit vlevo na k\u0159i\u017eovatce u kaple. Odbo\u010dka vpravo se dostanete na &#8220;Prutna&#8221; stop\u011b. Trasa za\u010d\u00edn\u00e1 se zemn\u00edc\u00ed cest\u011b vedouc\u00ed ke kr\u00e1sn\u00e9 z\u00e1toky Stara Povljana, a d\u00e1l p\u0159es nep\u0159\u00edstupn\u00e9m ter\u00e9nu a ostr\u00fdmi kameny. Tato trasa vy\u017eaduje lep\u0161\u00ed odolnost, a to jak z v\u00e1s a va\u0161e kolo. Trasa kon\u010d\u00ed ve m\u011bst\u011b Smokvica.<\/p>\n<p>\u00bb7 000 m dlouh\u00fd<\/p>\n<p>\u00bbPouze pro horsk\u00e1 kola<\/p>\n<p>\u00bb0 &#8211; 3 000m, je macadamized silnice<\/p>\n<p>\u00bb3 000-5 500 m, ostr\u00e9 kameny<\/p>\n<p>\u00bb5 500-6 930 m, hlin\u011bn\u00e1 cesta<\/p>\n<p>\u00bbV\u00fd\u0161kov\u011b nadmo\u0159sk\u00e9 v\u00fd\u0161ce 56 m<\/p>\n","protected":false},"excerpt":{"rendered":"<p>Po 1 km od Povljan\u011b sm\u011brem Stara Povljana z\u00e1livu, odbo\u010dit vlevo na k\u0159i\u017eovatce u kaple. Odbo\u010dka vpravo se dostanete na &#8220;Prutna&#8221; stop\u011b. Trasa za\u010d\u00edn\u00e1 se zemn\u00edc\u00ed cest\u011b vedouc\u00ed ke kr\u00e1sn\u00e9 z\u00e1toky Stara Povljana, a d\u00e1l p\u0159es nep\u0159\u00edstupn\u00e9m ter\u00e9nu a ostr\u00fdmi kameny. Tato trasa vy\u017eaduje lep\u0161\u00ed odolnost, a to jak z v\u00e1s a va\u0161e kolo. Trasa<\/p>\n","protected":false},"author":1,"featured_media":0,"parent":0,"menu_order":0,"comment_status":"closed","ping_status":"closed","template":"","meta":[],"yoast_head":"<!-- This site is optimized with the Yoast SEO plugin v18.1 - https:\/\/yoast.com\/wordpress\/plugins\/seo\/ -->\n<title>Trail &quot;Smokvica&quot; | Apartm\u00e1ny MINT Povljana - Pag - Chorvatsko<\/title>\n<meta name=\"robots\" content=\"index, follow, max-snippet:-1, max-image-preview:large, max-video-preview:-1\" \/>\n<link rel=\"canonical\" href=\"https:\/\/povljana.org\/czech\/trail-smokvica\/\" \/>\n<meta property=\"og:locale\" content=\"en_US\" \/>\n<meta property=\"og:type\" content=\"article\" \/>\n<meta property=\"og:title\" content=\"Trail &quot;Smokvica&quot; | Apartm\u00e1ny MINT Povljana - Pag - Chorvatsko\" \/>\n<meta property=\"og:description\" content=\"Po 1 km od Povljan\u011b sm\u011brem Stara Povljana z\u00e1livu, odbo\u010dit vlevo na k\u0159i\u017eovatce u kaple. Odbo\u010dka vpravo se dostanete na &#8220;Prutna&#8221; stop\u011b. Trasa za\u010d\u00edn\u00e1 se zemn\u00edc\u00ed cest\u011b vedouc\u00ed ke kr\u00e1sn\u00e9 z\u00e1toky Stara Povljana, a d\u00e1l p\u0159es nep\u0159\u00edstupn\u00e9m ter\u00e9nu a ostr\u00fdmi kameny. Tato trasa vy\u017eaduje lep\u0161\u00ed odolnost, a to jak z v\u00e1s a va\u0161e kolo. Trasa\" \/>\n<meta property=\"og:url\" content=\"https:\/\/povljana.org\/czech\/trail-smokvica\/\" \/>\n<meta property=\"og:site_name\" content=\"Apartm\u00e1ny MINT Povljana - Pag - Chorvatsko\" \/>\n<meta property=\"article:publisher\" content=\"https:\/\/web.facebook.com\/apartmani.mint\/\" \/>\n<meta name=\"twitter:card\" content=\"summary\" \/>\n<meta name=\"twitter:label1\" content=\"Est. reading time\" \/>\n\t<meta name=\"twitter:data1\" content=\"1 minute\" \/>\n<script type=\"application\/ld+json\" class=\"yoast-schema-graph\">{\"@context\":\"https:\/\/schema.org\",\"@graph\":[{\"@type\":\"WebSite\",\"@id\":\"https:\/\/povljana.org\/czech\/#website\",\"url\":\"https:\/\/povljana.org\/czech\/\",\"name\":\"Apartm\u00e1ny MINT Povljana - Pag - Chorvatsko\",\"description\":\"Apartm\u00e1ny MINT Povljana - Pag - Chorvatsko\",\"potentialAction\":[{\"@type\":\"SearchAction\",\"target\":{\"@type\":\"EntryPoint\",\"urlTemplate\":\"https:\/\/povljana.org\/czech\/?s={search_term_string}\"},\"query-input\":\"required name=search_term_string\"}],\"inLanguage\":\"en-US\"},{\"@type\":\"WebPage\",\"@id\":\"https:\/\/povljana.org\/czech\/trail-smokvica\/#webpage\",\"url\":\"https:\/\/povljana.org\/czech\/trail-smokvica\/\",\"name\":\"Trail \\\"Smokvica\\\" | Apartm\u00e1ny MINT Povljana - Pag - Chorvatsko\",\"isPartOf\":{\"@id\":\"https:\/\/povljana.org\/czech\/#website\"},\"datePublished\":\"2016-12-28T08:14:11+00:00\",\"dateModified\":\"2016-12-28T08:14:11+00:00\",\"breadcrumb\":{\"@id\":\"https:\/\/povljana.org\/czech\/trail-smokvica\/#breadcrumb\"},\"inLanguage\":\"en-US\",\"potentialAction\":[{\"@type\":\"ReadAction\",\"target\":[\"https:\/\/povljana.org\/czech\/trail-smokvica\/\"]}]},{\"@type\":\"BreadcrumbList\",\"@id\":\"https:\/\/povljana.org\/czech\/trail-smokvica\/#breadcrumb\",\"itemListElement\":[{\"@type\":\"ListItem\",\"position\":1,\"name\":\"Po\u010detna stranica\",\"item\":\"https:\/\/povljana.org\/czech\/\"},{\"@type\":\"ListItem\",\"position\":2,\"name\":\"Trail &#8220;Smokvica&#8221;\"}]}]}<\/script>\n<!-- \/ Yoast SEO plugin. -->","yoast_head_json":{"title":"Trail \"Smokvica\" | Apartm\u00e1ny MINT Povljana - Pag - Chorvatsko","robots":{"index":"index","follow":"follow","max-snippet":"max-snippet:-1","max-image-preview":"max-image-preview:large","max-video-preview":"max-video-preview:-1"},"canonical":"https:\/\/povljana.org\/czech\/trail-smokvica\/","og_locale":"en_US","og_type":"article","og_title":"Trail \"Smokvica\" | Apartm\u00e1ny MINT Povljana - Pag - Chorvatsko","og_description":"Po 1 km od Povljan\u011b sm\u011brem Stara Povljana z\u00e1livu, odbo\u010dit vlevo na k\u0159i\u017eovatce u kaple. Odbo\u010dka vpravo se dostanete na &#8220;Prutna&#8221; stop\u011b. Trasa za\u010d\u00edn\u00e1 se zemn\u00edc\u00ed cest\u011b vedouc\u00ed ke kr\u00e1sn\u00e9 z\u00e1toky Stara Povljana, a d\u00e1l p\u0159es nep\u0159\u00edstupn\u00e9m ter\u00e9nu a ostr\u00fdmi kameny. Tato trasa vy\u017eaduje lep\u0161\u00ed odolnost, a to jak z v\u00e1s a va\u0161e kolo. Trasa","og_url":"https:\/\/povljana.org\/czech\/trail-smokvica\/","og_site_name":"Apartm\u00e1ny MINT Povljana - Pag - Chorvatsko","article_publisher":"https:\/\/web.facebook.com\/apartmani.mint\/","twitter_card":"summary","twitter_misc":{"Est. reading time":"1 minute"},"schema":{"@context":"https:\/\/schema.org","@graph":[{"@type":"WebSite","@id":"https:\/\/povljana.org\/czech\/#website","url":"https:\/\/povljana.org\/czech\/","name":"Apartm\u00e1ny MINT Povljana - Pag - Chorvatsko","description":"Apartm\u00e1ny MINT Povljana - Pag - Chorvatsko","potentialAction":[{"@type":"SearchAction","target":{"@type":"EntryPoint","urlTemplate":"https:\/\/povljana.org\/czech\/?s={search_term_string}"},"query-input":"required name=search_term_string"}],"inLanguage":"en-US"},{"@type":"WebPage","@id":"https:\/\/povljana.org\/czech\/trail-smokvica\/#webpage","url":"https:\/\/povljana.org\/czech\/trail-smokvica\/","name":"Trail \"Smokvica\" | Apartm\u00e1ny MINT Povljana - Pag - Chorvatsko","isPartOf":{"@id":"https:\/\/povljana.org\/czech\/#website"},"datePublished":"2016-12-28T08:14:11+00:00","dateModified":"2016-12-28T08:14:11+00:00","breadcrumb":{"@id":"https:\/\/povljana.org\/czech\/trail-smokvica\/#breadcrumb"},"inLanguage":"en-US","potentialAction":[{"@type":"ReadAction","target":["https:\/\/povljana.org\/czech\/trail-smokvica\/"]}]},{"@type":"BreadcrumbList","@id":"https:\/\/povljana.org\/czech\/trail-smokvica\/#breadcrumb","itemListElement":[{"@type":"ListItem","position":1,"name":"Po\u010detna stranica","item":"https:\/\/povljana.org\/czech\/"},{"@type":"ListItem","position":2,"name":"Trail &#8220;Smokvica&#8221;"}]}]}},"_links":{"self":[{"href":"https:\/\/povljana.org\/czech\/wp-json\/wp\/v2\/pages\/125"}],"collection":[{"href":"https:\/\/povljana.org\/czech\/wp-json\/wp\/v2\/pages"}],"about":[{"href":"https:\/\/povljana.org\/czech\/wp-json\/wp\/v2\/types\/page"}],"author":[{"embeddable":true,"href":"https:\/\/povljana.org\/czech\/wp-json\/wp\/v2\/users\/1"}],"replies":[{"embeddable":true,"href":"https:\/\/povljana.org\/czech\/wp-json\/wp\/v2\/comments?post=125"}],"version-history":[{"count":1,"href":"https:\/\/povljana.org\/czech\/wp-json\/wp\/v2\/pages\/125\/revisions"}],"predecessor-version":[{"id":130,"href":"https:\/\/povljana.org\/czech\/wp-json\/wp\/v2\/pages\/125\/revisions\/130"}],"wp:attachment":[{"href":"https:\/\/povljana.org\/czech\/wp-json\/wp\/v2\/media?parent=125"}],"curies":[{"name":"wp","href":"https:\/\/api.w.org\/{rel}","templated":true}]}}