{"id":126,"date":"2016-12-28T08:13:59","date_gmt":"2016-12-28T08:13:59","guid":{"rendered":"http:\/\/povljana.org\/czech\/?page_id=126"},"modified":"2016-12-28T08:13:59","modified_gmt":"2016-12-28T08:13:59","slug":"trail-prutna","status":"publish","type":"page","link":"https:\/\/povljana.org\/czech\/trail-prutna\/","title":{"rendered":"Trail &#8220;Prutna&#8221;"},"content":{"rendered":"<p style=\"text-align: justify; line-height: 150%;\">Po 1 km od Povljan\u011b sm\u011brem Stara Povljana z\u00e1livu, odbo\u010dit vpravo na k\u0159i\u017eovatce u kaple. Cesta za\u010d\u00edn\u00e1 asfaltov\u00e9 silnici p\u0159es pole; m\u00edrn\u00e9 stoup\u00e1n\u00ed n\u00e1sleduje. Cel\u00e1 jednotka je p\u0159es horninov\u00e9ho prost\u0159ed\u00ed pod\u00e9l sam\u00e9ho h\u0159ebenu Prutna poloostrova. Na lev\u00e9 stran\u011b je kr\u00e1sn\u00fdm v\u00fdhledem Stara Povljana z\u00e1liv, zat\u00edmco Povljana kan\u00e1lu a na ostrov Vir m\u016f\u017ee b\u00fdt vid\u011bn na prav\u00e9 stran\u011b.<\/p>\n<p style=\"text-align: justify; line-height: 150%;\">\u00bb7 600 m dlouh\u00fd<\/p>\n<p style=\"text-align: justify; line-height: 150%;\">\u00bbPro horsk\u00e1 kola a trek<\/p>\n<p style=\"text-align: justify; line-height: 150%;\">\u00bb0-1 500 m, hlin\u011bn\u00e9 a stoney cesta<\/p>\n<p style=\"text-align: justify; line-height: 150%;\">\u00bb1 500 &#8211; 7 600 m, ostr\u00e9 kameny<\/p>\n<p style=\"text-align: justify; line-height: 150%;\">\u00bbV\u00fd\u0161kov\u011b nadmo\u0159sk\u00e9 v\u00fd\u0161ce 45 m.<\/p>\n","protected":false},"excerpt":{"rendered":"<p>Po 1 km od Povljan\u011b sm\u011brem Stara Povljana z\u00e1livu, odbo\u010dit vpravo na k\u0159i\u017eovatce u kaple. Cesta za\u010d\u00edn\u00e1 asfaltov\u00e9 silnici p\u0159es pole; m\u00edrn\u00e9 stoup\u00e1n\u00ed n\u00e1sleduje. Cel\u00e1 jednotka je p\u0159es horninov\u00e9ho prost\u0159ed\u00ed pod\u00e9l sam\u00e9ho h\u0159ebenu Prutna poloostrova. Na lev\u00e9 stran\u011b je kr\u00e1sn\u00fdm v\u00fdhledem Stara Povljana z\u00e1liv, zat\u00edmco Povljana kan\u00e1lu a na ostrov Vir m\u016f\u017ee b\u00fdt vid\u011bn na<\/p>\n","protected":false},"author":1,"featured_media":0,"parent":0,"menu_order":0,"comment_status":"closed","ping_status":"closed","template":"","meta":[],"yoast_head":"<!-- This site is optimized with the Yoast SEO plugin v18.1 - https:\/\/yoast.com\/wordpress\/plugins\/seo\/ -->\n<title>Trail &quot;Prutna&quot; | Apartm\u00e1ny MINT Povljana - Pag - Chorvatsko<\/title>\n<meta name=\"robots\" content=\"index, follow, max-snippet:-1, max-image-preview:large, max-video-preview:-1\" \/>\n<link rel=\"canonical\" href=\"https:\/\/povljana.org\/czech\/trail-prutna\/\" \/>\n<meta property=\"og:locale\" content=\"en_US\" \/>\n<meta property=\"og:type\" content=\"article\" \/>\n<meta property=\"og:title\" content=\"Trail &quot;Prutna&quot; | Apartm\u00e1ny MINT Povljana - Pag - Chorvatsko\" \/>\n<meta property=\"og:description\" content=\"Po 1 km od Povljan\u011b sm\u011brem Stara Povljana z\u00e1livu, odbo\u010dit vpravo na k\u0159i\u017eovatce u kaple. Cesta za\u010d\u00edn\u00e1 asfaltov\u00e9 silnici p\u0159es pole; m\u00edrn\u00e9 stoup\u00e1n\u00ed n\u00e1sleduje. Cel\u00e1 jednotka je p\u0159es horninov\u00e9ho prost\u0159ed\u00ed pod\u00e9l sam\u00e9ho h\u0159ebenu Prutna poloostrova. Na lev\u00e9 stran\u011b je kr\u00e1sn\u00fdm v\u00fdhledem Stara Povljana z\u00e1liv, zat\u00edmco Povljana kan\u00e1lu a na ostrov Vir m\u016f\u017ee b\u00fdt vid\u011bn na\" \/>\n<meta property=\"og:url\" content=\"https:\/\/povljana.org\/czech\/trail-prutna\/\" \/>\n<meta property=\"og:site_name\" content=\"Apartm\u00e1ny MINT Povljana - Pag - Chorvatsko\" \/>\n<meta property=\"article:publisher\" content=\"https:\/\/web.facebook.com\/apartmani.mint\/\" \/>\n<meta name=\"twitter:card\" content=\"summary\" \/>\n<meta name=\"twitter:label1\" content=\"Est. reading time\" \/>\n\t<meta name=\"twitter:data1\" content=\"1 minute\" \/>\n<script type=\"application\/ld+json\" class=\"yoast-schema-graph\">{\"@context\":\"https:\/\/schema.org\",\"@graph\":[{\"@type\":\"WebSite\",\"@id\":\"https:\/\/povljana.org\/czech\/#website\",\"url\":\"https:\/\/povljana.org\/czech\/\",\"name\":\"Apartm\u00e1ny MINT Povljana - Pag - Chorvatsko\",\"description\":\"Apartm\u00e1ny MINT Povljana - Pag - Chorvatsko\",\"potentialAction\":[{\"@type\":\"SearchAction\",\"target\":{\"@type\":\"EntryPoint\",\"urlTemplate\":\"https:\/\/povljana.org\/czech\/?s={search_term_string}\"},\"query-input\":\"required name=search_term_string\"}],\"inLanguage\":\"en-US\"},{\"@type\":\"WebPage\",\"@id\":\"https:\/\/povljana.org\/czech\/trail-prutna\/#webpage\",\"url\":\"https:\/\/povljana.org\/czech\/trail-prutna\/\",\"name\":\"Trail \\\"Prutna\\\" | Apartm\u00e1ny MINT Povljana - Pag - Chorvatsko\",\"isPartOf\":{\"@id\":\"https:\/\/povljana.org\/czech\/#website\"},\"datePublished\":\"2016-12-28T08:13:59+00:00\",\"dateModified\":\"2016-12-28T08:13:59+00:00\",\"breadcrumb\":{\"@id\":\"https:\/\/povljana.org\/czech\/trail-prutna\/#breadcrumb\"},\"inLanguage\":\"en-US\",\"potentialAction\":[{\"@type\":\"ReadAction\",\"target\":[\"https:\/\/povljana.org\/czech\/trail-prutna\/\"]}]},{\"@type\":\"BreadcrumbList\",\"@id\":\"https:\/\/povljana.org\/czech\/trail-prutna\/#breadcrumb\",\"itemListElement\":[{\"@type\":\"ListItem\",\"position\":1,\"name\":\"Po\u010detna stranica\",\"item\":\"https:\/\/povljana.org\/czech\/\"},{\"@type\":\"ListItem\",\"position\":2,\"name\":\"Trail &#8220;Prutna&#8221;\"}]}]}<\/script>\n<!-- \/ Yoast SEO plugin. -->","yoast_head_json":{"title":"Trail \"Prutna\" | Apartm\u00e1ny MINT Povljana - Pag - Chorvatsko","robots":{"index":"index","follow":"follow","max-snippet":"max-snippet:-1","max-image-preview":"max-image-preview:large","max-video-preview":"max-video-preview:-1"},"canonical":"https:\/\/povljana.org\/czech\/trail-prutna\/","og_locale":"en_US","og_type":"article","og_title":"Trail \"Prutna\" | Apartm\u00e1ny MINT Povljana - Pag - Chorvatsko","og_description":"Po 1 km od Povljan\u011b sm\u011brem Stara Povljana z\u00e1livu, odbo\u010dit vpravo na k\u0159i\u017eovatce u kaple. Cesta za\u010d\u00edn\u00e1 asfaltov\u00e9 silnici p\u0159es pole; m\u00edrn\u00e9 stoup\u00e1n\u00ed n\u00e1sleduje. Cel\u00e1 jednotka je p\u0159es horninov\u00e9ho prost\u0159ed\u00ed pod\u00e9l sam\u00e9ho h\u0159ebenu Prutna poloostrova. Na lev\u00e9 stran\u011b je kr\u00e1sn\u00fdm v\u00fdhledem Stara Povljana z\u00e1liv, zat\u00edmco Povljana kan\u00e1lu a na ostrov Vir m\u016f\u017ee b\u00fdt vid\u011bn na","og_url":"https:\/\/povljana.org\/czech\/trail-prutna\/","og_site_name":"Apartm\u00e1ny MINT Povljana - Pag - Chorvatsko","article_publisher":"https:\/\/web.facebook.com\/apartmani.mint\/","twitter_card":"summary","twitter_misc":{"Est. reading time":"1 minute"},"schema":{"@context":"https:\/\/schema.org","@graph":[{"@type":"WebSite","@id":"https:\/\/povljana.org\/czech\/#website","url":"https:\/\/povljana.org\/czech\/","name":"Apartm\u00e1ny MINT Povljana - Pag - Chorvatsko","description":"Apartm\u00e1ny MINT Povljana - Pag - Chorvatsko","potentialAction":[{"@type":"SearchAction","target":{"@type":"EntryPoint","urlTemplate":"https:\/\/povljana.org\/czech\/?s={search_term_string}"},"query-input":"required name=search_term_string"}],"inLanguage":"en-US"},{"@type":"WebPage","@id":"https:\/\/povljana.org\/czech\/trail-prutna\/#webpage","url":"https:\/\/povljana.org\/czech\/trail-prutna\/","name":"Trail \"Prutna\" | Apartm\u00e1ny MINT Povljana - Pag - Chorvatsko","isPartOf":{"@id":"https:\/\/povljana.org\/czech\/#website"},"datePublished":"2016-12-28T08:13:59+00:00","dateModified":"2016-12-28T08:13:59+00:00","breadcrumb":{"@id":"https:\/\/povljana.org\/czech\/trail-prutna\/#breadcrumb"},"inLanguage":"en-US","potentialAction":[{"@type":"ReadAction","target":["https:\/\/povljana.org\/czech\/trail-prutna\/"]}]},{"@type":"BreadcrumbList","@id":"https:\/\/povljana.org\/czech\/trail-prutna\/#breadcrumb","itemListElement":[{"@type":"ListItem","position":1,"name":"Po\u010detna stranica","item":"https:\/\/povljana.org\/czech\/"},{"@type":"ListItem","position":2,"name":"Trail &#8220;Prutna&#8221;"}]}]}},"_links":{"self":[{"href":"https:\/\/povljana.org\/czech\/wp-json\/wp\/v2\/pages\/126"}],"collection":[{"href":"https:\/\/povljana.org\/czech\/wp-json\/wp\/v2\/pages"}],"about":[{"href":"https:\/\/povljana.org\/czech\/wp-json\/wp\/v2\/types\/page"}],"author":[{"embeddable":true,"href":"https:\/\/povljana.org\/czech\/wp-json\/wp\/v2\/users\/1"}],"replies":[{"embeddable":true,"href":"https:\/\/povljana.org\/czech\/wp-json\/wp\/v2\/comments?post=126"}],"version-history":[{"count":1,"href":"https:\/\/povljana.org\/czech\/wp-json\/wp\/v2\/pages\/126\/revisions"}],"predecessor-version":[{"id":129,"href":"https:\/\/povljana.org\/czech\/wp-json\/wp\/v2\/pages\/126\/revisions\/129"}],"wp:attachment":[{"href":"https:\/\/povljana.org\/czech\/wp-json\/wp\/v2\/media?parent=126"}],"curies":[{"name":"wp","href":"https:\/\/api.w.org\/{rel}","templated":true}]}}