{"id":127,"date":"2016-12-28T08:13:39","date_gmt":"2016-12-28T08:13:39","guid":{"rendered":"http:\/\/povljana.org\/czech\/?page_id=127"},"modified":"2016-12-28T08:13:39","modified_gmt":"2016-12-28T08:13:39","slug":"trail-rt-dubrovnik","status":"publish","type":"page","link":"https:\/\/povljana.org\/czech\/trail-rt-dubrovnik\/","title":{"rendered":"Trail &#8220;Rt Dubrovnik&#8221;"},"content":{"rendered":"<p>V p\u0159\u00edpad\u011b, Dubrovn\u00edk osada kon\u010d\u00ed prvn\u00ed \u010d\u00e1st stezky za\u010d\u00edn\u00e1. To vede pod\u00e9l pob\u0159e\u017e\u00ed p\u0159es h\u00e1ji na okraji kter\u00fdch je pl\u00e1\u017e. Vedle t\u00e9to n\u00e1dhern\u00e9 pl\u00e1\u017ei l\u00e9\u010div\u00fdm bahnem &#8220;Segal&#8221; je nalezen. Naraz\u00edte na dve\u0159e, kter\u00e9 by m\u011bly b\u00fdt uzav\u0159eny. Trasa pokryt\u00e1 ostr\u00fdmi kameny za\u010d\u00edn\u00e1 m\u00edrn\u011b stoupat. Z horn\u00ed \u010d\u00e1sti stezky kr\u00e1sn\u00fdm v\u00fdhledem na z\u00e1liv otev\u00edr\u00e1 v\u00fdhled Ko\u0161ljun na prav\u00e9 stran\u011b. Bez ohledu na to, jak obt\u00ed\u017en\u00e9 to trasa je, \u017ee nen\u00ed p\u0159\u00edli\u0161 dlouh\u00e1. N\u00e1hradn\u00ed du\u0161e by m\u011bl b\u00fdt uveden jen v p\u0159\u00edpad\u011b, jeliko\u017e ostr\u00e9 kameny a trny mohou snadno prop\u00edchnut\u00ed pneumatiky. Posledn\u00ed \u010d\u00e1st stezky vede po boku pastevn\u00edch chalup a ohrad\u00e1ch. Trasa kon\u010d\u00ed na cest\u011b do Povljana, 1 km daleko, zat\u00edmco 400 m od hotelu je tak\u00e9 stopa &#8220;ptica&#8221; v Veliko Blato.<\/p>\n<p>\u00bb4 800 m dlouh\u00fd<\/p>\n<p>\u00bbPro horsk\u00e1 kola a trek<\/p>\n<p>\u00bb0 &#8211; 1 700 m hlin\u011bn\u00e9 a stoney cesty<\/p>\n<p>\u00bb1 700-4 800 m macadamized cesta (ostr\u00e9 kameny)<\/p>\n<p>\u00bbV\u00fd\u0161kov\u011b v\u00fd\u0161ky 16,4 m.<\/p>\n","protected":false},"excerpt":{"rendered":"<p>V p\u0159\u00edpad\u011b, Dubrovn\u00edk osada kon\u010d\u00ed prvn\u00ed \u010d\u00e1st stezky za\u010d\u00edn\u00e1. To vede pod\u00e9l pob\u0159e\u017e\u00ed p\u0159es h\u00e1ji na okraji kter\u00fdch je pl\u00e1\u017e. Vedle t\u00e9to n\u00e1dhern\u00e9 pl\u00e1\u017ei l\u00e9\u010div\u00fdm bahnem &#8220;Segal&#8221; je nalezen. Naraz\u00edte na dve\u0159e, kter\u00e9 by m\u011bly b\u00fdt uzav\u0159eny. Trasa pokryt\u00e1 ostr\u00fdmi kameny za\u010d\u00edn\u00e1 m\u00edrn\u011b stoupat. Z horn\u00ed \u010d\u00e1sti stezky kr\u00e1sn\u00fdm v\u00fdhledem na z\u00e1liv otev\u00edr\u00e1 v\u00fdhled Ko\u0161ljun<\/p>\n","protected":false},"author":1,"featured_media":0,"parent":0,"menu_order":0,"comment_status":"closed","ping_status":"closed","template":"","meta":[],"yoast_head":"<!-- This site is optimized with the Yoast SEO plugin v18.1 - https:\/\/yoast.com\/wordpress\/plugins\/seo\/ -->\n<title>Trail &quot;Rt Dubrovnik&quot; | Apartm\u00e1ny MINT Povljana - Pag - Chorvatsko<\/title>\n<meta name=\"robots\" content=\"index, follow, max-snippet:-1, max-image-preview:large, max-video-preview:-1\" \/>\n<link rel=\"canonical\" href=\"https:\/\/povljana.org\/czech\/trail-rt-dubrovnik\/\" \/>\n<meta property=\"og:locale\" content=\"en_US\" \/>\n<meta property=\"og:type\" content=\"article\" \/>\n<meta property=\"og:title\" content=\"Trail &quot;Rt Dubrovnik&quot; | Apartm\u00e1ny MINT Povljana - Pag - Chorvatsko\" \/>\n<meta property=\"og:description\" content=\"V p\u0159\u00edpad\u011b, Dubrovn\u00edk osada kon\u010d\u00ed prvn\u00ed \u010d\u00e1st stezky za\u010d\u00edn\u00e1. To vede pod\u00e9l pob\u0159e\u017e\u00ed p\u0159es h\u00e1ji na okraji kter\u00fdch je pl\u00e1\u017e. Vedle t\u00e9to n\u00e1dhern\u00e9 pl\u00e1\u017ei l\u00e9\u010div\u00fdm bahnem &#8220;Segal&#8221; je nalezen. Naraz\u00edte na dve\u0159e, kter\u00e9 by m\u011bly b\u00fdt uzav\u0159eny. Trasa pokryt\u00e1 ostr\u00fdmi kameny za\u010d\u00edn\u00e1 m\u00edrn\u011b stoupat. Z horn\u00ed \u010d\u00e1sti stezky kr\u00e1sn\u00fdm v\u00fdhledem na z\u00e1liv otev\u00edr\u00e1 v\u00fdhled Ko\u0161ljun\" \/>\n<meta property=\"og:url\" content=\"https:\/\/povljana.org\/czech\/trail-rt-dubrovnik\/\" \/>\n<meta property=\"og:site_name\" content=\"Apartm\u00e1ny MINT Povljana - Pag - Chorvatsko\" \/>\n<meta property=\"article:publisher\" content=\"https:\/\/web.facebook.com\/apartmani.mint\/\" \/>\n<meta name=\"twitter:card\" content=\"summary\" \/>\n<meta name=\"twitter:label1\" content=\"Est. reading time\" \/>\n\t<meta name=\"twitter:data1\" content=\"1 minute\" \/>\n<script type=\"application\/ld+json\" class=\"yoast-schema-graph\">{\"@context\":\"https:\/\/schema.org\",\"@graph\":[{\"@type\":\"WebSite\",\"@id\":\"https:\/\/povljana.org\/czech\/#website\",\"url\":\"https:\/\/povljana.org\/czech\/\",\"name\":\"Apartm\u00e1ny MINT Povljana - Pag - Chorvatsko\",\"description\":\"Apartm\u00e1ny MINT Povljana - Pag - Chorvatsko\",\"potentialAction\":[{\"@type\":\"SearchAction\",\"target\":{\"@type\":\"EntryPoint\",\"urlTemplate\":\"https:\/\/povljana.org\/czech\/?s={search_term_string}\"},\"query-input\":\"required name=search_term_string\"}],\"inLanguage\":\"en-US\"},{\"@type\":\"WebPage\",\"@id\":\"https:\/\/povljana.org\/czech\/trail-rt-dubrovnik\/#webpage\",\"url\":\"https:\/\/povljana.org\/czech\/trail-rt-dubrovnik\/\",\"name\":\"Trail \\\"Rt Dubrovnik\\\" | Apartm\u00e1ny MINT Povljana - Pag - Chorvatsko\",\"isPartOf\":{\"@id\":\"https:\/\/povljana.org\/czech\/#website\"},\"datePublished\":\"2016-12-28T08:13:39+00:00\",\"dateModified\":\"2016-12-28T08:13:39+00:00\",\"breadcrumb\":{\"@id\":\"https:\/\/povljana.org\/czech\/trail-rt-dubrovnik\/#breadcrumb\"},\"inLanguage\":\"en-US\",\"potentialAction\":[{\"@type\":\"ReadAction\",\"target\":[\"https:\/\/povljana.org\/czech\/trail-rt-dubrovnik\/\"]}]},{\"@type\":\"BreadcrumbList\",\"@id\":\"https:\/\/povljana.org\/czech\/trail-rt-dubrovnik\/#breadcrumb\",\"itemListElement\":[{\"@type\":\"ListItem\",\"position\":1,\"name\":\"Po\u010detna stranica\",\"item\":\"https:\/\/povljana.org\/czech\/\"},{\"@type\":\"ListItem\",\"position\":2,\"name\":\"Trail &#8220;Rt Dubrovnik&#8221;\"}]}]}<\/script>\n<!-- \/ Yoast SEO plugin. -->","yoast_head_json":{"title":"Trail \"Rt Dubrovnik\" | Apartm\u00e1ny MINT Povljana - Pag - Chorvatsko","robots":{"index":"index","follow":"follow","max-snippet":"max-snippet:-1","max-image-preview":"max-image-preview:large","max-video-preview":"max-video-preview:-1"},"canonical":"https:\/\/povljana.org\/czech\/trail-rt-dubrovnik\/","og_locale":"en_US","og_type":"article","og_title":"Trail \"Rt Dubrovnik\" | Apartm\u00e1ny MINT Povljana - Pag - Chorvatsko","og_description":"V p\u0159\u00edpad\u011b, Dubrovn\u00edk osada kon\u010d\u00ed prvn\u00ed \u010d\u00e1st stezky za\u010d\u00edn\u00e1. To vede pod\u00e9l pob\u0159e\u017e\u00ed p\u0159es h\u00e1ji na okraji kter\u00fdch je pl\u00e1\u017e. Vedle t\u00e9to n\u00e1dhern\u00e9 pl\u00e1\u017ei l\u00e9\u010div\u00fdm bahnem &#8220;Segal&#8221; je nalezen. Naraz\u00edte na dve\u0159e, kter\u00e9 by m\u011bly b\u00fdt uzav\u0159eny. Trasa pokryt\u00e1 ostr\u00fdmi kameny za\u010d\u00edn\u00e1 m\u00edrn\u011b stoupat. Z horn\u00ed \u010d\u00e1sti stezky kr\u00e1sn\u00fdm v\u00fdhledem na z\u00e1liv otev\u00edr\u00e1 v\u00fdhled Ko\u0161ljun","og_url":"https:\/\/povljana.org\/czech\/trail-rt-dubrovnik\/","og_site_name":"Apartm\u00e1ny MINT Povljana - Pag - Chorvatsko","article_publisher":"https:\/\/web.facebook.com\/apartmani.mint\/","twitter_card":"summary","twitter_misc":{"Est. reading time":"1 minute"},"schema":{"@context":"https:\/\/schema.org","@graph":[{"@type":"WebSite","@id":"https:\/\/povljana.org\/czech\/#website","url":"https:\/\/povljana.org\/czech\/","name":"Apartm\u00e1ny MINT Povljana - Pag - Chorvatsko","description":"Apartm\u00e1ny MINT Povljana - Pag - Chorvatsko","potentialAction":[{"@type":"SearchAction","target":{"@type":"EntryPoint","urlTemplate":"https:\/\/povljana.org\/czech\/?s={search_term_string}"},"query-input":"required name=search_term_string"}],"inLanguage":"en-US"},{"@type":"WebPage","@id":"https:\/\/povljana.org\/czech\/trail-rt-dubrovnik\/#webpage","url":"https:\/\/povljana.org\/czech\/trail-rt-dubrovnik\/","name":"Trail \"Rt Dubrovnik\" | Apartm\u00e1ny MINT Povljana - Pag - Chorvatsko","isPartOf":{"@id":"https:\/\/povljana.org\/czech\/#website"},"datePublished":"2016-12-28T08:13:39+00:00","dateModified":"2016-12-28T08:13:39+00:00","breadcrumb":{"@id":"https:\/\/povljana.org\/czech\/trail-rt-dubrovnik\/#breadcrumb"},"inLanguage":"en-US","potentialAction":[{"@type":"ReadAction","target":["https:\/\/povljana.org\/czech\/trail-rt-dubrovnik\/"]}]},{"@type":"BreadcrumbList","@id":"https:\/\/povljana.org\/czech\/trail-rt-dubrovnik\/#breadcrumb","itemListElement":[{"@type":"ListItem","position":1,"name":"Po\u010detna stranica","item":"https:\/\/povljana.org\/czech\/"},{"@type":"ListItem","position":2,"name":"Trail &#8220;Rt Dubrovnik&#8221;"}]}]}},"_links":{"self":[{"href":"https:\/\/povljana.org\/czech\/wp-json\/wp\/v2\/pages\/127"}],"collection":[{"href":"https:\/\/povljana.org\/czech\/wp-json\/wp\/v2\/pages"}],"about":[{"href":"https:\/\/povljana.org\/czech\/wp-json\/wp\/v2\/types\/page"}],"author":[{"embeddable":true,"href":"https:\/\/povljana.org\/czech\/wp-json\/wp\/v2\/users\/1"}],"replies":[{"embeddable":true,"href":"https:\/\/povljana.org\/czech\/wp-json\/wp\/v2\/comments?post=127"}],"version-history":[{"count":1,"href":"https:\/\/povljana.org\/czech\/wp-json\/wp\/v2\/pages\/127\/revisions"}],"predecessor-version":[{"id":128,"href":"https:\/\/povljana.org\/czech\/wp-json\/wp\/v2\/pages\/127\/revisions\/128"}],"wp:attachment":[{"href":"https:\/\/povljana.org\/czech\/wp-json\/wp\/v2\/media?parent=127"}],"curies":[{"name":"wp","href":"https:\/\/api.w.org\/{rel}","templated":true}]}}