{"id":13,"date":"2016-12-23T13:09:57","date_gmt":"2016-12-23T13:09:57","guid":{"rendered":"http:\/\/povljana.org\/czech\/?page_id=13"},"modified":"2017-01-02T17:04:53","modified_gmt":"2017-01-02T16:04:53","slug":"apartments","status":"publish","type":"page","link":"https:\/\/povljana.org\/czech\/apartments\/","title":{"rendered":"APARTMANY"},"content":{"rendered":"","protected":false},"excerpt":{"rendered":"","protected":false},"author":1,"featured_media":0,"parent":0,"menu_order":0,"comment_status":"closed","ping_status":"closed","template":"","meta":[],"yoast_head":"<!-- This site is optimized with the Yoast SEO plugin v18.1 - https:\/\/yoast.com\/wordpress\/plugins\/seo\/ -->\n<title>Apartmany Pronajem - Povljana MINT - Ostrov Pag - Chorvatsko<\/title>\n<meta name=\"description\" content=\"Apartm\u00e1ny Povljana ostrov Pag - Apartm\u00e1ny MINT jsou k dispozici k pron\u00e1jmu a nach\u00e1z\u00ed jen 50 m od p\u00edse\u010dn\u00e9 pl\u00e1\u017ee. Pln\u011b vybaven\u00e9 apartm\u00e1ny za nejlep\u0161\u00ed cenu!\" \/>\n<meta name=\"robots\" content=\"index, follow, max-snippet:-1, max-image-preview:large, max-video-preview:-1\" \/>\n<link rel=\"canonical\" href=\"https:\/\/povljana.org\/czech\/apartments\/\" \/>\n<meta property=\"og:locale\" content=\"en_US\" \/>\n<meta property=\"og:type\" content=\"article\" \/>\n<meta property=\"og:title\" content=\"Apartmany Pronajem - Povljana MINT - Ostrov Pag - Chorvatsko\" \/>\n<meta property=\"og:description\" content=\"Apartm\u00e1ny Povljana ostrov Pag - Apartm\u00e1ny MINT jsou k dispozici k pron\u00e1jmu a nach\u00e1z\u00ed jen 50 m od p\u00edse\u010dn\u00e9 pl\u00e1\u017ee. Pln\u011b vybaven\u00e9 apartm\u00e1ny za nejlep\u0161\u00ed cenu!\" \/>\n<meta property=\"og:url\" content=\"https:\/\/povljana.org\/czech\/apartments\/\" \/>\n<meta property=\"og:site_name\" content=\"Apartm\u00e1ny MINT Povljana - Pag - Chorvatsko\" \/>\n<meta property=\"article:publisher\" content=\"https:\/\/web.facebook.com\/apartmani.mint\/\" \/>\n<meta property=\"article:modified_time\" content=\"2017-01-02T16:04:53+00:00\" \/>\n<meta name=\"twitter:card\" content=\"summary\" \/>\n<script type=\"application\/ld+json\" class=\"yoast-schema-graph\">{\"@context\":\"https:\/\/schema.org\",\"@graph\":[{\"@type\":\"WebSite\",\"@id\":\"https:\/\/povljana.org\/czech\/#website\",\"url\":\"https:\/\/povljana.org\/czech\/\",\"name\":\"Apartm\u00e1ny MINT Povljana - Pag - Chorvatsko\",\"description\":\"Apartm\u00e1ny MINT Povljana - Pag - Chorvatsko\",\"potentialAction\":[{\"@type\":\"SearchAction\",\"target\":{\"@type\":\"EntryPoint\",\"urlTemplate\":\"https:\/\/povljana.org\/czech\/?s={search_term_string}\"},\"query-input\":\"required name=search_term_string\"}],\"inLanguage\":\"en-US\"},{\"@type\":\"WebPage\",\"@id\":\"https:\/\/povljana.org\/czech\/apartments\/#webpage\",\"url\":\"https:\/\/povljana.org\/czech\/apartments\/\",\"name\":\"Apartmany Pronajem - Povljana MINT - Ostrov Pag - Chorvatsko\",\"isPartOf\":{\"@id\":\"https:\/\/povljana.org\/czech\/#website\"},\"datePublished\":\"2016-12-23T13:09:57+00:00\",\"dateModified\":\"2017-01-02T16:04:53+00:00\",\"description\":\"Apartm\u00e1ny Povljana ostrov Pag - Apartm\u00e1ny MINT jsou k dispozici k pron\u00e1jmu a nach\u00e1z\u00ed jen 50 m od p\u00edse\u010dn\u00e9 pl\u00e1\u017ee. Pln\u011b vybaven\u00e9 apartm\u00e1ny za nejlep\u0161\u00ed cenu!\",\"breadcrumb\":{\"@id\":\"https:\/\/povljana.org\/czech\/apartments\/#breadcrumb\"},\"inLanguage\":\"en-US\",\"potentialAction\":[{\"@type\":\"ReadAction\",\"target\":[\"https:\/\/povljana.org\/czech\/apartments\/\"]}]},{\"@type\":\"BreadcrumbList\",\"@id\":\"https:\/\/povljana.org\/czech\/apartments\/#breadcrumb\",\"itemListElement\":[{\"@type\":\"ListItem\",\"position\":1,\"name\":\"Po\u010detna stranica\",\"item\":\"https:\/\/povljana.org\/czech\/\"},{\"@type\":\"ListItem\",\"position\":2,\"name\":\"APARTMANY\"}]}]}<\/script>\n<!-- \/ Yoast SEO plugin. -->","yoast_head_json":{"title":"Apartmany Pronajem - Povljana MINT - Ostrov Pag - Chorvatsko","description":"Apartm\u00e1ny Povljana ostrov Pag - Apartm\u00e1ny MINT jsou k dispozici k pron\u00e1jmu a nach\u00e1z\u00ed jen 50 m od p\u00edse\u010dn\u00e9 pl\u00e1\u017ee. Pln\u011b vybaven\u00e9 apartm\u00e1ny za nejlep\u0161\u00ed cenu!","robots":{"index":"index","follow":"follow","max-snippet":"max-snippet:-1","max-image-preview":"max-image-preview:large","max-video-preview":"max-video-preview:-1"},"canonical":"https:\/\/povljana.org\/czech\/apartments\/","og_locale":"en_US","og_type":"article","og_title":"Apartmany Pronajem - Povljana MINT - Ostrov Pag - Chorvatsko","og_description":"Apartm\u00e1ny Povljana ostrov Pag - Apartm\u00e1ny MINT jsou k dispozici k pron\u00e1jmu a nach\u00e1z\u00ed jen 50 m od p\u00edse\u010dn\u00e9 pl\u00e1\u017ee. Pln\u011b vybaven\u00e9 apartm\u00e1ny za nejlep\u0161\u00ed cenu!","og_url":"https:\/\/povljana.org\/czech\/apartments\/","og_site_name":"Apartm\u00e1ny MINT Povljana - Pag - Chorvatsko","article_publisher":"https:\/\/web.facebook.com\/apartmani.mint\/","article_modified_time":"2017-01-02T16:04:53+00:00","twitter_card":"summary","schema":{"@context":"https:\/\/schema.org","@graph":[{"@type":"WebSite","@id":"https:\/\/povljana.org\/czech\/#website","url":"https:\/\/povljana.org\/czech\/","name":"Apartm\u00e1ny MINT Povljana - Pag - Chorvatsko","description":"Apartm\u00e1ny MINT Povljana - Pag - Chorvatsko","potentialAction":[{"@type":"SearchAction","target":{"@type":"EntryPoint","urlTemplate":"https:\/\/povljana.org\/czech\/?s={search_term_string}"},"query-input":"required name=search_term_string"}],"inLanguage":"en-US"},{"@type":"WebPage","@id":"https:\/\/povljana.org\/czech\/apartments\/#webpage","url":"https:\/\/povljana.org\/czech\/apartments\/","name":"Apartmany Pronajem - Povljana MINT - Ostrov Pag - Chorvatsko","isPartOf":{"@id":"https:\/\/povljana.org\/czech\/#website"},"datePublished":"2016-12-23T13:09:57+00:00","dateModified":"2017-01-02T16:04:53+00:00","description":"Apartm\u00e1ny Povljana ostrov Pag - Apartm\u00e1ny MINT jsou k dispozici k pron\u00e1jmu a nach\u00e1z\u00ed jen 50 m od p\u00edse\u010dn\u00e9 pl\u00e1\u017ee. Pln\u011b vybaven\u00e9 apartm\u00e1ny za nejlep\u0161\u00ed cenu!","breadcrumb":{"@id":"https:\/\/povljana.org\/czech\/apartments\/#breadcrumb"},"inLanguage":"en-US","potentialAction":[{"@type":"ReadAction","target":["https:\/\/povljana.org\/czech\/apartments\/"]}]},{"@type":"BreadcrumbList","@id":"https:\/\/povljana.org\/czech\/apartments\/#breadcrumb","itemListElement":[{"@type":"ListItem","position":1,"name":"Po\u010detna stranica","item":"https:\/\/povljana.org\/czech\/"},{"@type":"ListItem","position":2,"name":"APARTMANY"}]}]}},"_links":{"self":[{"href":"https:\/\/povljana.org\/czech\/wp-json\/wp\/v2\/pages\/13"}],"collection":[{"href":"https:\/\/povljana.org\/czech\/wp-json\/wp\/v2\/pages"}],"about":[{"href":"https:\/\/povljana.org\/czech\/wp-json\/wp\/v2\/types\/page"}],"author":[{"embeddable":true,"href":"https:\/\/povljana.org\/czech\/wp-json\/wp\/v2\/users\/1"}],"replies":[{"embeddable":true,"href":"https:\/\/povljana.org\/czech\/wp-json\/wp\/v2\/comments?post=13"}],"version-history":[{"count":5,"href":"https:\/\/povljana.org\/czech\/wp-json\/wp\/v2\/pages\/13\/revisions"}],"predecessor-version":[{"id":283,"href":"https:\/\/povljana.org\/czech\/wp-json\/wp\/v2\/pages\/13\/revisions\/283"}],"wp:attachment":[{"href":"https:\/\/povljana.org\/czech\/wp-json\/wp\/v2\/media?parent=13"}],"curies":[{"name":"wp","href":"https:\/\/api.w.org\/{rel}","templated":true}]}}