{"id":121,"date":"2016-12-28T09:06:39","date_gmt":"2016-12-28T09:06:39","guid":{"rendered":"http:\/\/povljana.org\/english\/?page_id=121"},"modified":"2016-12-28T09:06:39","modified_gmt":"2016-12-28T09:06:39","slug":"trail-ptica-veliko-blato","status":"publish","type":"page","link":"https:\/\/povljana.org\/english\/trail-ptica-veliko-blato\/","title":{"rendered":"Trail &#8220;Ptica&#8221; Veliko blato"},"content":{"rendered":"<p>At the very exit from Povljana there is a very attractive path for all categories, asphalted, narrow and not too crowded road. The drive leads to the area of ornithological reserve \u201cVeliko blato\u201d (to see the beauties of the reserve you have to buy tickets in the Tourist office in Povljana). The trail ends at 5.5 km from the town of Vla\u0161i\u0107i. If you turn right before Vla\u0161i\u0107i you will arrive in Smokvica and this is &#8220;Smokvica&#8221; exit.<\/p>\n<table width=\"340\">\n<tbody>\n<tr>\n<td>\u00bb 5 700 m long<\/td>\n<\/tr>\n<tr>\n<td>\u00bb for all kinds of bicycles<\/td>\n<\/tr>\n<tr>\n<td>\u00bb narrow asphalted road<\/td>\n<\/tr>\n<tr>\n<td>\u00bb hight-altitude 35 m<\/td>\n<\/tr>\n<\/tbody>\n<\/table>\n","protected":false},"excerpt":{"rendered":"<p>At the very exit from Povljana there is a very attractive path for all categories, asphalted, narrow and not too crowded road. The drive leads to the area of ornithological reserve \u201cVeliko blato\u201d (to see the beauties of the reserve you have to buy tickets in the Tourist office in Povljana). The trail ends at<\/p>\n","protected":false},"author":1,"featured_media":0,"parent":0,"menu_order":0,"comment_status":"closed","ping_status":"closed","template":"","meta":[],"yoast_head":"<!-- This site is optimized with the Yoast SEO plugin v18.1 - https:\/\/yoast.com\/wordpress\/plugins\/seo\/ -->\n<title>Trail &quot;Ptica&quot; Veliko blato | Apartments MINT Povljana - Pag - Croatia<\/title>\n<meta name=\"robots\" content=\"index, follow, max-snippet:-1, max-image-preview:large, max-video-preview:-1\" \/>\n<link rel=\"canonical\" href=\"https:\/\/povljana.org\/english\/trail-ptica-veliko-blato\/\" \/>\n<meta property=\"og:locale\" content=\"en_US\" \/>\n<meta property=\"og:type\" content=\"article\" \/>\n<meta property=\"og:title\" content=\"Trail &quot;Ptica&quot; Veliko blato | Apartments MINT Povljana - Pag - Croatia\" \/>\n<meta property=\"og:description\" content=\"At the very exit from Povljana there is a very attractive path for all categories, asphalted, narrow and not too crowded road. The drive leads to the area of ornithological reserve \u201cVeliko blato\u201d (to see the beauties of the reserve you have to buy tickets in the Tourist office in Povljana). The trail ends at\" \/>\n<meta property=\"og:url\" content=\"https:\/\/povljana.org\/english\/trail-ptica-veliko-blato\/\" \/>\n<meta property=\"og:site_name\" content=\"Apartments MINT Povljana - Pag - Croatia\" \/>\n<meta property=\"article:publisher\" content=\"https:\/\/web.facebook.com\/apartmani.mint\/\" \/>\n<meta name=\"twitter:card\" content=\"summary\" \/>\n<script type=\"application\/ld+json\" class=\"yoast-schema-graph\">{\"@context\":\"https:\/\/schema.org\",\"@graph\":[{\"@type\":\"WebSite\",\"@id\":\"https:\/\/povljana.org\/english\/#website\",\"url\":\"https:\/\/povljana.org\/english\/\",\"name\":\"Apartments MINT Povljana - Pag - Croatia\",\"description\":\"Apartments MINT Povljana - Pag - Croatia\",\"potentialAction\":[{\"@type\":\"SearchAction\",\"target\":{\"@type\":\"EntryPoint\",\"urlTemplate\":\"https:\/\/povljana.org\/english\/?s={search_term_string}\"},\"query-input\":\"required name=search_term_string\"}],\"inLanguage\":\"en-US\"},{\"@type\":\"WebPage\",\"@id\":\"https:\/\/povljana.org\/english\/trail-ptica-veliko-blato\/#webpage\",\"url\":\"https:\/\/povljana.org\/english\/trail-ptica-veliko-blato\/\",\"name\":\"Trail \\\"Ptica\\\" Veliko blato | Apartments MINT Povljana - Pag - Croatia\",\"isPartOf\":{\"@id\":\"https:\/\/povljana.org\/english\/#website\"},\"datePublished\":\"2016-12-28T09:06:39+00:00\",\"dateModified\":\"2016-12-28T09:06:39+00:00\",\"breadcrumb\":{\"@id\":\"https:\/\/povljana.org\/english\/trail-ptica-veliko-blato\/#breadcrumb\"},\"inLanguage\":\"en-US\",\"potentialAction\":[{\"@type\":\"ReadAction\",\"target\":[\"https:\/\/povljana.org\/english\/trail-ptica-veliko-blato\/\"]}]},{\"@type\":\"BreadcrumbList\",\"@id\":\"https:\/\/povljana.org\/english\/trail-ptica-veliko-blato\/#breadcrumb\",\"itemListElement\":[{\"@type\":\"ListItem\",\"position\":1,\"name\":\"Po\u010detna stranica\",\"item\":\"https:\/\/povljana.org\/english\/\"},{\"@type\":\"ListItem\",\"position\":2,\"name\":\"Trail &#8220;Ptica&#8221; Veliko blato\"}]}]}<\/script>\n<!-- \/ Yoast SEO plugin. -->","yoast_head_json":{"title":"Trail \"Ptica\" Veliko blato | Apartments MINT Povljana - Pag - Croatia","robots":{"index":"index","follow":"follow","max-snippet":"max-snippet:-1","max-image-preview":"max-image-preview:large","max-video-preview":"max-video-preview:-1"},"canonical":"https:\/\/povljana.org\/english\/trail-ptica-veliko-blato\/","og_locale":"en_US","og_type":"article","og_title":"Trail \"Ptica\" Veliko blato | Apartments MINT Povljana - Pag - Croatia","og_description":"At the very exit from Povljana there is a very attractive path for all categories, asphalted, narrow and not too crowded road. The drive leads to the area of ornithological reserve \u201cVeliko blato\u201d (to see the beauties of the reserve you have to buy tickets in the Tourist office in Povljana). The trail ends at","og_url":"https:\/\/povljana.org\/english\/trail-ptica-veliko-blato\/","og_site_name":"Apartments MINT Povljana - Pag - Croatia","article_publisher":"https:\/\/web.facebook.com\/apartmani.mint\/","twitter_card":"summary","schema":{"@context":"https:\/\/schema.org","@graph":[{"@type":"WebSite","@id":"https:\/\/povljana.org\/english\/#website","url":"https:\/\/povljana.org\/english\/","name":"Apartments MINT Povljana - Pag - Croatia","description":"Apartments MINT Povljana - Pag - Croatia","potentialAction":[{"@type":"SearchAction","target":{"@type":"EntryPoint","urlTemplate":"https:\/\/povljana.org\/english\/?s={search_term_string}"},"query-input":"required name=search_term_string"}],"inLanguage":"en-US"},{"@type":"WebPage","@id":"https:\/\/povljana.org\/english\/trail-ptica-veliko-blato\/#webpage","url":"https:\/\/povljana.org\/english\/trail-ptica-veliko-blato\/","name":"Trail \"Ptica\" Veliko blato | Apartments MINT Povljana - Pag - Croatia","isPartOf":{"@id":"https:\/\/povljana.org\/english\/#website"},"datePublished":"2016-12-28T09:06:39+00:00","dateModified":"2016-12-28T09:06:39+00:00","breadcrumb":{"@id":"https:\/\/povljana.org\/english\/trail-ptica-veliko-blato\/#breadcrumb"},"inLanguage":"en-US","potentialAction":[{"@type":"ReadAction","target":["https:\/\/povljana.org\/english\/trail-ptica-veliko-blato\/"]}]},{"@type":"BreadcrumbList","@id":"https:\/\/povljana.org\/english\/trail-ptica-veliko-blato\/#breadcrumb","itemListElement":[{"@type":"ListItem","position":1,"name":"Po\u010detna stranica","item":"https:\/\/povljana.org\/english\/"},{"@type":"ListItem","position":2,"name":"Trail &#8220;Ptica&#8221; Veliko blato"}]}]}},"_links":{"self":[{"href":"https:\/\/povljana.org\/english\/wp-json\/wp\/v2\/pages\/121"}],"collection":[{"href":"https:\/\/povljana.org\/english\/wp-json\/wp\/v2\/pages"}],"about":[{"href":"https:\/\/povljana.org\/english\/wp-json\/wp\/v2\/types\/page"}],"author":[{"embeddable":true,"href":"https:\/\/povljana.org\/english\/wp-json\/wp\/v2\/users\/1"}],"replies":[{"embeddable":true,"href":"https:\/\/povljana.org\/english\/wp-json\/wp\/v2\/comments?post=121"}],"version-history":[{"count":1,"href":"https:\/\/povljana.org\/english\/wp-json\/wp\/v2\/pages\/121\/revisions"}],"predecessor-version":[{"id":125,"href":"https:\/\/povljana.org\/english\/wp-json\/wp\/v2\/pages\/121\/revisions\/125"}],"wp:attachment":[{"href":"https:\/\/povljana.org\/english\/wp-json\/wp\/v2\/media?parent=121"}],"curies":[{"name":"wp","href":"https:\/\/api.w.org\/{rel}","templated":true}]}}