{"id":10,"date":"2016-12-24T14:59:03","date_gmt":"2016-12-24T14:59:03","guid":{"rendered":"http:\/\/povljana.org\/poland\/?page_id=10"},"modified":"2017-01-03T17:19:27","modified_gmt":"2017-01-03T16:19:27","slug":"apartments","status":"publish","type":"page","link":"https:\/\/povljana.org\/poland\/apartments\/","title":{"rendered":"APARTAMENTY"},"content":{"rendered":"","protected":false},"excerpt":{"rendered":"","protected":false},"author":1,"featured_media":0,"parent":0,"menu_order":0,"comment_status":"closed","ping_status":"closed","template":"","meta":[],"yoast_head":"<!-- This site is optimized with the Yoast SEO plugin v18.1 - https:\/\/yoast.com\/wordpress\/plugins\/seo\/ -->\n<title>Apartamenty Pag Povljana - Apartamenty MINT Povljana Pag - Chorwacja<\/title>\n<meta name=\"description\" content=\"Povljana apartamenty - apartamenty MINT w Povljana na wyspie znajduje si\u0119 zaledwie 50 metr\u00f3w od piaszczystej pla\u017cy i mog\u0105 by\u0107 wynajmowane dla 2-5 os\u00f3b.\" \/>\n<meta name=\"robots\" content=\"index, follow, max-snippet:-1, max-image-preview:large, max-video-preview:-1\" \/>\n<link rel=\"canonical\" href=\"https:\/\/povljana.org\/poland\/apartments\/\" \/>\n<meta property=\"og:locale\" content=\"en_US\" \/>\n<meta property=\"og:type\" content=\"article\" \/>\n<meta property=\"og:title\" content=\"Apartamenty Pag Povljana - Apartamenty MINT Povljana Pag - Chorwacja\" \/>\n<meta property=\"og:description\" content=\"Povljana apartamenty - apartamenty MINT w Povljana na wyspie znajduje si\u0119 zaledwie 50 metr\u00f3w od piaszczystej pla\u017cy i mog\u0105 by\u0107 wynajmowane dla 2-5 os\u00f3b.\" \/>\n<meta property=\"og:url\" content=\"https:\/\/povljana.org\/poland\/apartments\/\" \/>\n<meta property=\"og:site_name\" content=\"Apartamenty MINT Povljana - Pag - Chorwacja\" \/>\n<meta property=\"article:publisher\" content=\"https:\/\/web.facebook.com\/apartmani.mint\/\" \/>\n<meta property=\"article:modified_time\" content=\"2017-01-03T16:19:27+00:00\" \/>\n<meta name=\"twitter:card\" content=\"summary\" \/>\n<script type=\"application\/ld+json\" class=\"yoast-schema-graph\">{\"@context\":\"https:\/\/schema.org\",\"@graph\":[{\"@type\":\"WebSite\",\"@id\":\"https:\/\/povljana.org\/poland\/#website\",\"url\":\"https:\/\/povljana.org\/poland\/\",\"name\":\"Apartamenty MINT Povljana - Pag - Chorwacja\",\"description\":\"Apartamenty MINT Povljana - Pag - Chorwacja\",\"potentialAction\":[{\"@type\":\"SearchAction\",\"target\":{\"@type\":\"EntryPoint\",\"urlTemplate\":\"https:\/\/povljana.org\/poland\/?s={search_term_string}\"},\"query-input\":\"required name=search_term_string\"}],\"inLanguage\":\"en-US\"},{\"@type\":\"WebPage\",\"@id\":\"https:\/\/povljana.org\/poland\/apartments\/#webpage\",\"url\":\"https:\/\/povljana.org\/poland\/apartments\/\",\"name\":\"Apartamenty Pag Povljana - Apartamenty MINT Povljana Pag - Chorwacja\",\"isPartOf\":{\"@id\":\"https:\/\/povljana.org\/poland\/#website\"},\"datePublished\":\"2016-12-24T14:59:03+00:00\",\"dateModified\":\"2017-01-03T16:19:27+00:00\",\"description\":\"Povljana apartamenty - apartamenty MINT w Povljana na wyspie znajduje si\u0119 zaledwie 50 metr\u00f3w od piaszczystej pla\u017cy i mog\u0105 by\u0107 wynajmowane dla 2-5 os\u00f3b.\",\"breadcrumb\":{\"@id\":\"https:\/\/povljana.org\/poland\/apartments\/#breadcrumb\"},\"inLanguage\":\"en-US\",\"potentialAction\":[{\"@type\":\"ReadAction\",\"target\":[\"https:\/\/povljana.org\/poland\/apartments\/\"]}]},{\"@type\":\"BreadcrumbList\",\"@id\":\"https:\/\/povljana.org\/poland\/apartments\/#breadcrumb\",\"itemListElement\":[{\"@type\":\"ListItem\",\"position\":1,\"name\":\"Po\u010detna stranica\",\"item\":\"https:\/\/povljana.org\/poland\/\"},{\"@type\":\"ListItem\",\"position\":2,\"name\":\"APARTAMENTY\"}]}]}<\/script>\n<!-- \/ Yoast SEO plugin. -->","yoast_head_json":{"title":"Apartamenty Pag Povljana - Apartamenty MINT Povljana Pag - Chorwacja","description":"Povljana apartamenty - apartamenty MINT w Povljana na wyspie znajduje si\u0119 zaledwie 50 metr\u00f3w od piaszczystej pla\u017cy i mog\u0105 by\u0107 wynajmowane dla 2-5 os\u00f3b.","robots":{"index":"index","follow":"follow","max-snippet":"max-snippet:-1","max-image-preview":"max-image-preview:large","max-video-preview":"max-video-preview:-1"},"canonical":"https:\/\/povljana.org\/poland\/apartments\/","og_locale":"en_US","og_type":"article","og_title":"Apartamenty Pag Povljana - Apartamenty MINT Povljana Pag - Chorwacja","og_description":"Povljana apartamenty - apartamenty MINT w Povljana na wyspie znajduje si\u0119 zaledwie 50 metr\u00f3w od piaszczystej pla\u017cy i mog\u0105 by\u0107 wynajmowane dla 2-5 os\u00f3b.","og_url":"https:\/\/povljana.org\/poland\/apartments\/","og_site_name":"Apartamenty MINT Povljana - Pag - Chorwacja","article_publisher":"https:\/\/web.facebook.com\/apartmani.mint\/","article_modified_time":"2017-01-03T16:19:27+00:00","twitter_card":"summary","schema":{"@context":"https:\/\/schema.org","@graph":[{"@type":"WebSite","@id":"https:\/\/povljana.org\/poland\/#website","url":"https:\/\/povljana.org\/poland\/","name":"Apartamenty MINT Povljana - Pag - Chorwacja","description":"Apartamenty MINT Povljana - Pag - Chorwacja","potentialAction":[{"@type":"SearchAction","target":{"@type":"EntryPoint","urlTemplate":"https:\/\/povljana.org\/poland\/?s={search_term_string}"},"query-input":"required name=search_term_string"}],"inLanguage":"en-US"},{"@type":"WebPage","@id":"https:\/\/povljana.org\/poland\/apartments\/#webpage","url":"https:\/\/povljana.org\/poland\/apartments\/","name":"Apartamenty Pag Povljana - Apartamenty MINT Povljana Pag - Chorwacja","isPartOf":{"@id":"https:\/\/povljana.org\/poland\/#website"},"datePublished":"2016-12-24T14:59:03+00:00","dateModified":"2017-01-03T16:19:27+00:00","description":"Povljana apartamenty - apartamenty MINT w Povljana na wyspie znajduje si\u0119 zaledwie 50 metr\u00f3w od piaszczystej pla\u017cy i mog\u0105 by\u0107 wynajmowane dla 2-5 os\u00f3b.","breadcrumb":{"@id":"https:\/\/povljana.org\/poland\/apartments\/#breadcrumb"},"inLanguage":"en-US","potentialAction":[{"@type":"ReadAction","target":["https:\/\/povljana.org\/poland\/apartments\/"]}]},{"@type":"BreadcrumbList","@id":"https:\/\/povljana.org\/poland\/apartments\/#breadcrumb","itemListElement":[{"@type":"ListItem","position":1,"name":"Po\u010detna stranica","item":"https:\/\/povljana.org\/poland\/"},{"@type":"ListItem","position":2,"name":"APARTAMENTY"}]}]}},"_links":{"self":[{"href":"https:\/\/povljana.org\/poland\/wp-json\/wp\/v2\/pages\/10"}],"collection":[{"href":"https:\/\/povljana.org\/poland\/wp-json\/wp\/v2\/pages"}],"about":[{"href":"https:\/\/povljana.org\/poland\/wp-json\/wp\/v2\/types\/page"}],"author":[{"embeddable":true,"href":"https:\/\/povljana.org\/poland\/wp-json\/wp\/v2\/users\/1"}],"replies":[{"embeddable":true,"href":"https:\/\/povljana.org\/poland\/wp-json\/wp\/v2\/comments?post=10"}],"version-history":[{"count":5,"href":"https:\/\/povljana.org\/poland\/wp-json\/wp\/v2\/pages\/10\/revisions"}],"predecessor-version":[{"id":289,"href":"https:\/\/povljana.org\/poland\/wp-json\/wp\/v2\/pages\/10\/revisions\/289"}],"wp:attachment":[{"href":"https:\/\/povljana.org\/poland\/wp-json\/wp\/v2\/media?parent=10"}],"curies":[{"name":"wp","href":"https:\/\/api.w.org\/{rel}","templated":true}]}}