{"id":109,"date":"2016-12-28T08:24:08","date_gmt":"2016-12-28T08:24:08","guid":{"rendered":"http:\/\/povljana.org\/poland\/?page_id=109"},"modified":"2016-12-28T08:24:08","modified_gmt":"2016-12-28T08:24:08","slug":"piaszczyste-plaze","status":"publish","type":"page","link":"https:\/\/povljana.org\/poland\/piaszczyste-plaze\/","title":{"rendered":"Piaszczyste pla\u017ce"},"content":{"rendered":"<p>Piaszczyste pla\u017ce, jest uwa\u017cany g\u0142\u00f3wnej pla\u017cy, w rzeczywisto\u015bci jest do\u015b\u0107 rzadkie w tej cz\u0119\u015bci Morza Adriatyckiego i jest najstarszym resort w Povljani. Zawiera prysznice i doskona\u0142e szczeg\u00f3lnie dla os\u00f3b z ma\u0142ymi dzie\u0107mi, ze wzgl\u0119du na naturalne i pi\u0119kne piasek, kt\u00f3ry jest w wodzie i na l\u0105dzie. Jest tam r\u00f3wnie\u017c ma\u0142y brje\u017euljak du\u017ca topola, \u017ce rzuca troch\u0119 cienia na pi\u0119knej pla\u017cy. Nasze apartamenty po\u0142o\u017cone s\u0105 zaledwie 50 m od pla\u017cy.<\/p>\n","protected":false},"excerpt":{"rendered":"<p>Piaszczyste pla\u017ce, jest uwa\u017cany g\u0142\u00f3wnej pla\u017cy, w rzeczywisto\u015bci jest do\u015b\u0107 rzadkie w tej cz\u0119\u015bci Morza Adriatyckiego i jest najstarszym resort w Povljani. Zawiera prysznice i doskona\u0142e szczeg\u00f3lnie dla os\u00f3b z ma\u0142ymi dzie\u0107mi, ze wzgl\u0119du na naturalne i pi\u0119kne piasek, kt\u00f3ry jest w wodzie i na l\u0105dzie. Jest tam r\u00f3wnie\u017c ma\u0142y brje\u017euljak du\u017ca topola, \u017ce rzuca<\/p>\n","protected":false},"author":1,"featured_media":0,"parent":0,"menu_order":0,"comment_status":"closed","ping_status":"closed","template":"","meta":[],"yoast_head":"<!-- This site is optimized with the Yoast SEO plugin v18.1 - https:\/\/yoast.com\/wordpress\/plugins\/seo\/ -->\n<title>Piaszczyste pla\u017ce | Apartamenty MINT Povljana - Pag - Chorwacja<\/title>\n<meta name=\"robots\" content=\"index, follow, max-snippet:-1, max-image-preview:large, max-video-preview:-1\" \/>\n<link rel=\"canonical\" href=\"https:\/\/povljana.org\/poland\/piaszczyste-plaze\/\" \/>\n<meta property=\"og:locale\" content=\"en_US\" \/>\n<meta property=\"og:type\" content=\"article\" \/>\n<meta property=\"og:title\" content=\"Piaszczyste pla\u017ce | Apartamenty MINT Povljana - Pag - Chorwacja\" \/>\n<meta property=\"og:description\" content=\"Piaszczyste pla\u017ce, jest uwa\u017cany g\u0142\u00f3wnej pla\u017cy, w rzeczywisto\u015bci jest do\u015b\u0107 rzadkie w tej cz\u0119\u015bci Morza Adriatyckiego i jest najstarszym resort w Povljani. Zawiera prysznice i doskona\u0142e szczeg\u00f3lnie dla os\u00f3b z ma\u0142ymi dzie\u0107mi, ze wzgl\u0119du na naturalne i pi\u0119kne piasek, kt\u00f3ry jest w wodzie i na l\u0105dzie. Jest tam r\u00f3wnie\u017c ma\u0142y brje\u017euljak du\u017ca topola, \u017ce rzuca\" \/>\n<meta property=\"og:url\" content=\"https:\/\/povljana.org\/poland\/piaszczyste-plaze\/\" \/>\n<meta property=\"og:site_name\" content=\"Apartamenty MINT Povljana - Pag - Chorwacja\" \/>\n<meta property=\"article:publisher\" content=\"https:\/\/web.facebook.com\/apartmani.mint\/\" \/>\n<meta name=\"twitter:card\" content=\"summary\" \/>\n<script type=\"application\/ld+json\" class=\"yoast-schema-graph\">{\"@context\":\"https:\/\/schema.org\",\"@graph\":[{\"@type\":\"WebSite\",\"@id\":\"https:\/\/povljana.org\/poland\/#website\",\"url\":\"https:\/\/povljana.org\/poland\/\",\"name\":\"Apartamenty MINT Povljana - Pag - Chorwacja\",\"description\":\"Apartamenty MINT Povljana - Pag - Chorwacja\",\"potentialAction\":[{\"@type\":\"SearchAction\",\"target\":{\"@type\":\"EntryPoint\",\"urlTemplate\":\"https:\/\/povljana.org\/poland\/?s={search_term_string}\"},\"query-input\":\"required name=search_term_string\"}],\"inLanguage\":\"en-US\"},{\"@type\":\"WebPage\",\"@id\":\"https:\/\/povljana.org\/poland\/piaszczyste-plaze\/#webpage\",\"url\":\"https:\/\/povljana.org\/poland\/piaszczyste-plaze\/\",\"name\":\"Piaszczyste pla\u017ce | Apartamenty MINT Povljana - Pag - Chorwacja\",\"isPartOf\":{\"@id\":\"https:\/\/povljana.org\/poland\/#website\"},\"datePublished\":\"2016-12-28T08:24:08+00:00\",\"dateModified\":\"2016-12-28T08:24:08+00:00\",\"breadcrumb\":{\"@id\":\"https:\/\/povljana.org\/poland\/piaszczyste-plaze\/#breadcrumb\"},\"inLanguage\":\"en-US\",\"potentialAction\":[{\"@type\":\"ReadAction\",\"target\":[\"https:\/\/povljana.org\/poland\/piaszczyste-plaze\/\"]}]},{\"@type\":\"BreadcrumbList\",\"@id\":\"https:\/\/povljana.org\/poland\/piaszczyste-plaze\/#breadcrumb\",\"itemListElement\":[{\"@type\":\"ListItem\",\"position\":1,\"name\":\"Po\u010detna stranica\",\"item\":\"https:\/\/povljana.org\/poland\/\"},{\"@type\":\"ListItem\",\"position\":2,\"name\":\"Piaszczyste pla\u017ce\"}]}]}<\/script>\n<!-- \/ Yoast SEO plugin. -->","yoast_head_json":{"title":"Piaszczyste pla\u017ce | Apartamenty MINT Povljana - Pag - Chorwacja","robots":{"index":"index","follow":"follow","max-snippet":"max-snippet:-1","max-image-preview":"max-image-preview:large","max-video-preview":"max-video-preview:-1"},"canonical":"https:\/\/povljana.org\/poland\/piaszczyste-plaze\/","og_locale":"en_US","og_type":"article","og_title":"Piaszczyste pla\u017ce | Apartamenty MINT Povljana - Pag - Chorwacja","og_description":"Piaszczyste pla\u017ce, jest uwa\u017cany g\u0142\u00f3wnej pla\u017cy, w rzeczywisto\u015bci jest do\u015b\u0107 rzadkie w tej cz\u0119\u015bci Morza Adriatyckiego i jest najstarszym resort w Povljani. Zawiera prysznice i doskona\u0142e szczeg\u00f3lnie dla os\u00f3b z ma\u0142ymi dzie\u0107mi, ze wzgl\u0119du na naturalne i pi\u0119kne piasek, kt\u00f3ry jest w wodzie i na l\u0105dzie. Jest tam r\u00f3wnie\u017c ma\u0142y brje\u017euljak du\u017ca topola, \u017ce rzuca","og_url":"https:\/\/povljana.org\/poland\/piaszczyste-plaze\/","og_site_name":"Apartamenty MINT Povljana - Pag - Chorwacja","article_publisher":"https:\/\/web.facebook.com\/apartmani.mint\/","twitter_card":"summary","schema":{"@context":"https:\/\/schema.org","@graph":[{"@type":"WebSite","@id":"https:\/\/povljana.org\/poland\/#website","url":"https:\/\/povljana.org\/poland\/","name":"Apartamenty MINT Povljana - Pag - Chorwacja","description":"Apartamenty MINT Povljana - Pag - Chorwacja","potentialAction":[{"@type":"SearchAction","target":{"@type":"EntryPoint","urlTemplate":"https:\/\/povljana.org\/poland\/?s={search_term_string}"},"query-input":"required name=search_term_string"}],"inLanguage":"en-US"},{"@type":"WebPage","@id":"https:\/\/povljana.org\/poland\/piaszczyste-plaze\/#webpage","url":"https:\/\/povljana.org\/poland\/piaszczyste-plaze\/","name":"Piaszczyste pla\u017ce | Apartamenty MINT Povljana - Pag - Chorwacja","isPartOf":{"@id":"https:\/\/povljana.org\/poland\/#website"},"datePublished":"2016-12-28T08:24:08+00:00","dateModified":"2016-12-28T08:24:08+00:00","breadcrumb":{"@id":"https:\/\/povljana.org\/poland\/piaszczyste-plaze\/#breadcrumb"},"inLanguage":"en-US","potentialAction":[{"@type":"ReadAction","target":["https:\/\/povljana.org\/poland\/piaszczyste-plaze\/"]}]},{"@type":"BreadcrumbList","@id":"https:\/\/povljana.org\/poland\/piaszczyste-plaze\/#breadcrumb","itemListElement":[{"@type":"ListItem","position":1,"name":"Po\u010detna stranica","item":"https:\/\/povljana.org\/poland\/"},{"@type":"ListItem","position":2,"name":"Piaszczyste pla\u017ce"}]}]}},"_links":{"self":[{"href":"https:\/\/povljana.org\/poland\/wp-json\/wp\/v2\/pages\/109"}],"collection":[{"href":"https:\/\/povljana.org\/poland\/wp-json\/wp\/v2\/pages"}],"about":[{"href":"https:\/\/povljana.org\/poland\/wp-json\/wp\/v2\/types\/page"}],"author":[{"embeddable":true,"href":"https:\/\/povljana.org\/poland\/wp-json\/wp\/v2\/users\/1"}],"replies":[{"embeddable":true,"href":"https:\/\/povljana.org\/poland\/wp-json\/wp\/v2\/comments?post=109"}],"version-history":[{"count":2,"href":"https:\/\/povljana.org\/poland\/wp-json\/wp\/v2\/pages\/109\/revisions"}],"predecessor-version":[{"id":274,"href":"https:\/\/povljana.org\/poland\/wp-json\/wp\/v2\/pages\/109\/revisions\/274"}],"wp:attachment":[{"href":"https:\/\/povljana.org\/poland\/wp-json\/wp\/v2\/media?parent=109"}],"curies":[{"name":"wp","href":"https:\/\/api.w.org\/{rel}","templated":true}]}}