{"id":112,"date":"2016-12-28T08:24:48","date_gmt":"2016-12-28T08:24:48","guid":{"rendered":"http:\/\/povljana.org\/poland\/?page_id=112"},"modified":"2016-12-28T08:24:48","modified_gmt":"2016-12-28T08:24:48","slug":"ogrodzenia-z-kamienia-na-sucho","status":"publish","type":"page","link":"https:\/\/povljana.org\/poland\/ogrodzenia-z-kamienia-na-sucho\/","title":{"rendered":"Ogrodzenia z kamienia na sucho"},"content":{"rendered":"<p>Ogrodzenia z kamienia na sucho s\u0105 znacz\u0105cym zabytkiem twardego \u017cycia i ogromnym wysi\u0142kiem mieszka\u0144c\u00f3w wyspy; zosta\u0142y one zbudowane z kamienia umiej\u0119tnie u\u0142o\u017cone na ziemi trudna w uprawie. Ogrodzenie z kamienia na sucho jej kszta\u0142t\u00f3w, powierzchni, wygl\u0105du i przeznaczenia, jest jednym z najbardziej reprezentatywnych przyk\u0142ad\u00f3w rodzimej architektury ludowej.<\/p>\n<p>Suchej kamienne p\u0142oty s\u0142u\u017c\u0105 jako naturalne granice mi\u0119dzy \u0142atami; s\u0105 one na tyle wysokie, aby zapobiec owce od przeskakuj\u0105c i wystarczaj\u0105co silny, by stan\u0105\u0107 przed wiatrem bora. S\u0105 one wa\u017cnym siedliskiem dla gad\u00f3w, ptak\u00f3w i ma\u0142ych ssak\u00f3w. B\u0119dziesz zachwycony widokiem ca\u0142ego stada owiec odpoczynku w cieniu pod ogrodzeniem kamiennym na gor\u0105ce letnie popo\u0142udnie.<\/p>\n","protected":false},"excerpt":{"rendered":"<p>Ogrodzenia z kamienia na sucho s\u0105 znacz\u0105cym zabytkiem twardego \u017cycia i ogromnym wysi\u0142kiem mieszka\u0144c\u00f3w wyspy; zosta\u0142y one zbudowane z kamienia umiej\u0119tnie u\u0142o\u017cone na ziemi trudna w uprawie. Ogrodzenie z kamienia na sucho jej kszta\u0142t\u00f3w, powierzchni, wygl\u0105du i przeznaczenia, jest jednym z najbardziej reprezentatywnych przyk\u0142ad\u00f3w rodzimej architektury ludowej. Suchej kamienne p\u0142oty s\u0142u\u017c\u0105 jako naturalne granice mi\u0119dzy<\/p>\n","protected":false},"author":1,"featured_media":0,"parent":0,"menu_order":0,"comment_status":"closed","ping_status":"closed","template":"","meta":[],"yoast_head":"<!-- This site is optimized with the Yoast SEO plugin v18.1 - https:\/\/yoast.com\/wordpress\/plugins\/seo\/ -->\n<title>Ogrodzenia z kamienia na sucho | Apartamenty MINT Povljana - Pag - Chorwacja<\/title>\n<meta name=\"robots\" content=\"index, follow, max-snippet:-1, max-image-preview:large, max-video-preview:-1\" \/>\n<link rel=\"canonical\" href=\"https:\/\/povljana.org\/poland\/ogrodzenia-z-kamienia-na-sucho\/\" \/>\n<meta property=\"og:locale\" content=\"en_US\" \/>\n<meta property=\"og:type\" content=\"article\" \/>\n<meta property=\"og:title\" content=\"Ogrodzenia z kamienia na sucho | Apartamenty MINT Povljana - Pag - Chorwacja\" \/>\n<meta property=\"og:description\" content=\"Ogrodzenia z kamienia na sucho s\u0105 znacz\u0105cym zabytkiem twardego \u017cycia i ogromnym wysi\u0142kiem mieszka\u0144c\u00f3w wyspy; zosta\u0142y one zbudowane z kamienia umiej\u0119tnie u\u0142o\u017cone na ziemi trudna w uprawie. Ogrodzenie z kamienia na sucho jej kszta\u0142t\u00f3w, powierzchni, wygl\u0105du i przeznaczenia, jest jednym z najbardziej reprezentatywnych przyk\u0142ad\u00f3w rodzimej architektury ludowej. Suchej kamienne p\u0142oty s\u0142u\u017c\u0105 jako naturalne granice mi\u0119dzy\" \/>\n<meta property=\"og:url\" content=\"https:\/\/povljana.org\/poland\/ogrodzenia-z-kamienia-na-sucho\/\" \/>\n<meta property=\"og:site_name\" content=\"Apartamenty MINT Povljana - Pag - Chorwacja\" \/>\n<meta property=\"article:publisher\" content=\"https:\/\/web.facebook.com\/apartmani.mint\/\" \/>\n<meta name=\"twitter:card\" content=\"summary\" \/>\n<meta name=\"twitter:label1\" content=\"Est. reading time\" \/>\n\t<meta name=\"twitter:data1\" content=\"1 minute\" \/>\n<script type=\"application\/ld+json\" class=\"yoast-schema-graph\">{\"@context\":\"https:\/\/schema.org\",\"@graph\":[{\"@type\":\"WebSite\",\"@id\":\"https:\/\/povljana.org\/poland\/#website\",\"url\":\"https:\/\/povljana.org\/poland\/\",\"name\":\"Apartamenty MINT Povljana - Pag - Chorwacja\",\"description\":\"Apartamenty MINT Povljana - Pag - Chorwacja\",\"potentialAction\":[{\"@type\":\"SearchAction\",\"target\":{\"@type\":\"EntryPoint\",\"urlTemplate\":\"https:\/\/povljana.org\/poland\/?s={search_term_string}\"},\"query-input\":\"required name=search_term_string\"}],\"inLanguage\":\"en-US\"},{\"@type\":\"WebPage\",\"@id\":\"https:\/\/povljana.org\/poland\/ogrodzenia-z-kamienia-na-sucho\/#webpage\",\"url\":\"https:\/\/povljana.org\/poland\/ogrodzenia-z-kamienia-na-sucho\/\",\"name\":\"Ogrodzenia z kamienia na sucho | Apartamenty MINT Povljana - Pag - Chorwacja\",\"isPartOf\":{\"@id\":\"https:\/\/povljana.org\/poland\/#website\"},\"datePublished\":\"2016-12-28T08:24:48+00:00\",\"dateModified\":\"2016-12-28T08:24:48+00:00\",\"breadcrumb\":{\"@id\":\"https:\/\/povljana.org\/poland\/ogrodzenia-z-kamienia-na-sucho\/#breadcrumb\"},\"inLanguage\":\"en-US\",\"potentialAction\":[{\"@type\":\"ReadAction\",\"target\":[\"https:\/\/povljana.org\/poland\/ogrodzenia-z-kamienia-na-sucho\/\"]}]},{\"@type\":\"BreadcrumbList\",\"@id\":\"https:\/\/povljana.org\/poland\/ogrodzenia-z-kamienia-na-sucho\/#breadcrumb\",\"itemListElement\":[{\"@type\":\"ListItem\",\"position\":1,\"name\":\"Po\u010detna stranica\",\"item\":\"https:\/\/povljana.org\/poland\/\"},{\"@type\":\"ListItem\",\"position\":2,\"name\":\"Ogrodzenia z kamienia na sucho\"}]}]}<\/script>\n<!-- \/ Yoast SEO plugin. -->","yoast_head_json":{"title":"Ogrodzenia z kamienia na sucho | Apartamenty MINT Povljana - Pag - Chorwacja","robots":{"index":"index","follow":"follow","max-snippet":"max-snippet:-1","max-image-preview":"max-image-preview:large","max-video-preview":"max-video-preview:-1"},"canonical":"https:\/\/povljana.org\/poland\/ogrodzenia-z-kamienia-na-sucho\/","og_locale":"en_US","og_type":"article","og_title":"Ogrodzenia z kamienia na sucho | Apartamenty MINT Povljana - Pag - Chorwacja","og_description":"Ogrodzenia z kamienia na sucho s\u0105 znacz\u0105cym zabytkiem twardego \u017cycia i ogromnym wysi\u0142kiem mieszka\u0144c\u00f3w wyspy; zosta\u0142y one zbudowane z kamienia umiej\u0119tnie u\u0142o\u017cone na ziemi trudna w uprawie. Ogrodzenie z kamienia na sucho jej kszta\u0142t\u00f3w, powierzchni, wygl\u0105du i przeznaczenia, jest jednym z najbardziej reprezentatywnych przyk\u0142ad\u00f3w rodzimej architektury ludowej. Suchej kamienne p\u0142oty s\u0142u\u017c\u0105 jako naturalne granice mi\u0119dzy","og_url":"https:\/\/povljana.org\/poland\/ogrodzenia-z-kamienia-na-sucho\/","og_site_name":"Apartamenty MINT Povljana - Pag - Chorwacja","article_publisher":"https:\/\/web.facebook.com\/apartmani.mint\/","twitter_card":"summary","twitter_misc":{"Est. reading time":"1 minute"},"schema":{"@context":"https:\/\/schema.org","@graph":[{"@type":"WebSite","@id":"https:\/\/povljana.org\/poland\/#website","url":"https:\/\/povljana.org\/poland\/","name":"Apartamenty MINT Povljana - Pag - Chorwacja","description":"Apartamenty MINT Povljana - Pag - Chorwacja","potentialAction":[{"@type":"SearchAction","target":{"@type":"EntryPoint","urlTemplate":"https:\/\/povljana.org\/poland\/?s={search_term_string}"},"query-input":"required name=search_term_string"}],"inLanguage":"en-US"},{"@type":"WebPage","@id":"https:\/\/povljana.org\/poland\/ogrodzenia-z-kamienia-na-sucho\/#webpage","url":"https:\/\/povljana.org\/poland\/ogrodzenia-z-kamienia-na-sucho\/","name":"Ogrodzenia z kamienia na sucho | Apartamenty MINT Povljana - Pag - Chorwacja","isPartOf":{"@id":"https:\/\/povljana.org\/poland\/#website"},"datePublished":"2016-12-28T08:24:48+00:00","dateModified":"2016-12-28T08:24:48+00:00","breadcrumb":{"@id":"https:\/\/povljana.org\/poland\/ogrodzenia-z-kamienia-na-sucho\/#breadcrumb"},"inLanguage":"en-US","potentialAction":[{"@type":"ReadAction","target":["https:\/\/povljana.org\/poland\/ogrodzenia-z-kamienia-na-sucho\/"]}]},{"@type":"BreadcrumbList","@id":"https:\/\/povljana.org\/poland\/ogrodzenia-z-kamienia-na-sucho\/#breadcrumb","itemListElement":[{"@type":"ListItem","position":1,"name":"Po\u010detna stranica","item":"https:\/\/povljana.org\/poland\/"},{"@type":"ListItem","position":2,"name":"Ogrodzenia z kamienia na sucho"}]}]}},"_links":{"self":[{"href":"https:\/\/povljana.org\/poland\/wp-json\/wp\/v2\/pages\/112"}],"collection":[{"href":"https:\/\/povljana.org\/poland\/wp-json\/wp\/v2\/pages"}],"about":[{"href":"https:\/\/povljana.org\/poland\/wp-json\/wp\/v2\/types\/page"}],"author":[{"embeddable":true,"href":"https:\/\/povljana.org\/poland\/wp-json\/wp\/v2\/users\/1"}],"replies":[{"embeddable":true,"href":"https:\/\/povljana.org\/poland\/wp-json\/wp\/v2\/comments?post=112"}],"version-history":[{"count":1,"href":"https:\/\/povljana.org\/poland\/wp-json\/wp\/v2\/pages\/112\/revisions"}],"predecessor-version":[{"id":119,"href":"https:\/\/povljana.org\/poland\/wp-json\/wp\/v2\/pages\/112\/revisions\/119"}],"wp:attachment":[{"href":"https:\/\/povljana.org\/poland\/wp-json\/wp\/v2\/media?parent=112"}],"curies":[{"name":"wp","href":"https:\/\/api.w.org\/{rel}","templated":true}]}}