{"id":122,"date":"2016-12-28T08:36:27","date_gmt":"2016-12-28T08:36:27","guid":{"rendered":"http:\/\/povljana.org\/poland\/?page_id=122"},"modified":"2016-12-28T08:36:27","modified_gmt":"2016-12-28T08:36:27","slug":"nr-4-trail-ptica-wielkie-blato","status":"publish","type":"page","link":"https:\/\/povljana.org\/poland\/nr-4-trail-ptica-wielkie-blato\/","title":{"rendered":"Nr 4 Trail &#8220;Ptica&#8221; Wielkie blato"},"content":{"rendered":"<p>Na samym wyj\u015bciu z Povljana jest bardzo atrakcyjna \u015bcie\u017cka dla wszystkich kategorii, asfaltow\u0105, w\u0105skie i niezbyt zat\u0142oczona droga. Nap\u0119d prowadzi do obszaru rezerwatu ornitologicznego &#8220;Veliko Blato&#8221; (aby zobaczy\u0107 pi\u0119kno rezerwatu trzeba kupi\u0107 bilety w biurze turystycznym w Povljana). Szlak ko\u0144czy si\u0119 w odleg\u0142o\u015bci 5,5 km od miejscowo\u015bci Vla\u0161i\u0107i. Je\u015bli skr\u0119ci\u0107 w prawo przed Vla\u0161i\u0107i b\u0119dzie przybywa\u0107 w Smokvicy i to jest &#8220;Smokvica&#8221; exit.<\/p>\n<p>d\u0142uga \u00bb5 700 m<\/p>\n<p>\u00bbDla wszystkich rodzaj\u00f3w rower\u00f3w<\/p>\n<p>\u00bbW\u0105sk\u0105 asfaltow\u0105<\/p>\n<p>\u00bbWysoko\u015b\u0107 wysoko\u015bciach 35 m<\/p>\n","protected":false},"excerpt":{"rendered":"<p>Na samym wyj\u015bciu z Povljana jest bardzo atrakcyjna \u015bcie\u017cka dla wszystkich kategorii, asfaltow\u0105, w\u0105skie i niezbyt zat\u0142oczona droga. Nap\u0119d prowadzi do obszaru rezerwatu ornitologicznego &#8220;Veliko Blato&#8221; (aby zobaczy\u0107 pi\u0119kno rezerwatu trzeba kupi\u0107 bilety w biurze turystycznym w Povljana). Szlak ko\u0144czy si\u0119 w odleg\u0142o\u015bci 5,5 km od miejscowo\u015bci Vla\u0161i\u0107i. Je\u015bli skr\u0119ci\u0107 w prawo przed Vla\u0161i\u0107i b\u0119dzie<\/p>\n","protected":false},"author":1,"featured_media":0,"parent":0,"menu_order":0,"comment_status":"closed","ping_status":"closed","template":"","meta":[],"yoast_head":"<!-- This site is optimized with the Yoast SEO plugin v18.1 - https:\/\/yoast.com\/wordpress\/plugins\/seo\/ -->\n<title>Nr 4 Trail &quot;Ptica&quot; Wielkie blato | Apartamenty MINT Povljana - Pag - Chorwacja<\/title>\n<meta name=\"robots\" content=\"index, follow, max-snippet:-1, max-image-preview:large, max-video-preview:-1\" \/>\n<link rel=\"canonical\" href=\"https:\/\/povljana.org\/poland\/nr-4-trail-ptica-wielkie-blato\/\" \/>\n<meta property=\"og:locale\" content=\"en_US\" \/>\n<meta property=\"og:type\" content=\"article\" \/>\n<meta property=\"og:title\" content=\"Nr 4 Trail &quot;Ptica&quot; Wielkie blato | Apartamenty MINT Povljana - Pag - Chorwacja\" \/>\n<meta property=\"og:description\" content=\"Na samym wyj\u015bciu z Povljana jest bardzo atrakcyjna \u015bcie\u017cka dla wszystkich kategorii, asfaltow\u0105, w\u0105skie i niezbyt zat\u0142oczona droga. Nap\u0119d prowadzi do obszaru rezerwatu ornitologicznego &#8220;Veliko Blato&#8221; (aby zobaczy\u0107 pi\u0119kno rezerwatu trzeba kupi\u0107 bilety w biurze turystycznym w Povljana). Szlak ko\u0144czy si\u0119 w odleg\u0142o\u015bci 5,5 km od miejscowo\u015bci Vla\u0161i\u0107i. Je\u015bli skr\u0119ci\u0107 w prawo przed Vla\u0161i\u0107i b\u0119dzie\" \/>\n<meta property=\"og:url\" content=\"https:\/\/povljana.org\/poland\/nr-4-trail-ptica-wielkie-blato\/\" \/>\n<meta property=\"og:site_name\" content=\"Apartamenty MINT Povljana - Pag - Chorwacja\" \/>\n<meta property=\"article:publisher\" content=\"https:\/\/web.facebook.com\/apartmani.mint\/\" \/>\n<meta name=\"twitter:card\" content=\"summary\" \/>\n<script type=\"application\/ld+json\" class=\"yoast-schema-graph\">{\"@context\":\"https:\/\/schema.org\",\"@graph\":[{\"@type\":\"WebSite\",\"@id\":\"https:\/\/povljana.org\/poland\/#website\",\"url\":\"https:\/\/povljana.org\/poland\/\",\"name\":\"Apartamenty MINT Povljana - Pag - Chorwacja\",\"description\":\"Apartamenty MINT Povljana - Pag - Chorwacja\",\"potentialAction\":[{\"@type\":\"SearchAction\",\"target\":{\"@type\":\"EntryPoint\",\"urlTemplate\":\"https:\/\/povljana.org\/poland\/?s={search_term_string}\"},\"query-input\":\"required name=search_term_string\"}],\"inLanguage\":\"en-US\"},{\"@type\":\"WebPage\",\"@id\":\"https:\/\/povljana.org\/poland\/nr-4-trail-ptica-wielkie-blato\/#webpage\",\"url\":\"https:\/\/povljana.org\/poland\/nr-4-trail-ptica-wielkie-blato\/\",\"name\":\"Nr 4 Trail \\\"Ptica\\\" Wielkie blato | Apartamenty MINT Povljana - Pag - Chorwacja\",\"isPartOf\":{\"@id\":\"https:\/\/povljana.org\/poland\/#website\"},\"datePublished\":\"2016-12-28T08:36:27+00:00\",\"dateModified\":\"2016-12-28T08:36:27+00:00\",\"breadcrumb\":{\"@id\":\"https:\/\/povljana.org\/poland\/nr-4-trail-ptica-wielkie-blato\/#breadcrumb\"},\"inLanguage\":\"en-US\",\"potentialAction\":[{\"@type\":\"ReadAction\",\"target\":[\"https:\/\/povljana.org\/poland\/nr-4-trail-ptica-wielkie-blato\/\"]}]},{\"@type\":\"BreadcrumbList\",\"@id\":\"https:\/\/povljana.org\/poland\/nr-4-trail-ptica-wielkie-blato\/#breadcrumb\",\"itemListElement\":[{\"@type\":\"ListItem\",\"position\":1,\"name\":\"Po\u010detna stranica\",\"item\":\"https:\/\/povljana.org\/poland\/\"},{\"@type\":\"ListItem\",\"position\":2,\"name\":\"Nr 4 Trail &#8220;Ptica&#8221; Wielkie blato\"}]}]}<\/script>\n<!-- \/ Yoast SEO plugin. -->","yoast_head_json":{"title":"Nr 4 Trail \"Ptica\" Wielkie blato | Apartamenty MINT Povljana - Pag - Chorwacja","robots":{"index":"index","follow":"follow","max-snippet":"max-snippet:-1","max-image-preview":"max-image-preview:large","max-video-preview":"max-video-preview:-1"},"canonical":"https:\/\/povljana.org\/poland\/nr-4-trail-ptica-wielkie-blato\/","og_locale":"en_US","og_type":"article","og_title":"Nr 4 Trail \"Ptica\" Wielkie blato | Apartamenty MINT Povljana - Pag - Chorwacja","og_description":"Na samym wyj\u015bciu z Povljana jest bardzo atrakcyjna \u015bcie\u017cka dla wszystkich kategorii, asfaltow\u0105, w\u0105skie i niezbyt zat\u0142oczona droga. Nap\u0119d prowadzi do obszaru rezerwatu ornitologicznego &#8220;Veliko Blato&#8221; (aby zobaczy\u0107 pi\u0119kno rezerwatu trzeba kupi\u0107 bilety w biurze turystycznym w Povljana). Szlak ko\u0144czy si\u0119 w odleg\u0142o\u015bci 5,5 km od miejscowo\u015bci Vla\u0161i\u0107i. Je\u015bli skr\u0119ci\u0107 w prawo przed Vla\u0161i\u0107i b\u0119dzie","og_url":"https:\/\/povljana.org\/poland\/nr-4-trail-ptica-wielkie-blato\/","og_site_name":"Apartamenty MINT Povljana - Pag - Chorwacja","article_publisher":"https:\/\/web.facebook.com\/apartmani.mint\/","twitter_card":"summary","schema":{"@context":"https:\/\/schema.org","@graph":[{"@type":"WebSite","@id":"https:\/\/povljana.org\/poland\/#website","url":"https:\/\/povljana.org\/poland\/","name":"Apartamenty MINT Povljana - Pag - Chorwacja","description":"Apartamenty MINT Povljana - Pag - Chorwacja","potentialAction":[{"@type":"SearchAction","target":{"@type":"EntryPoint","urlTemplate":"https:\/\/povljana.org\/poland\/?s={search_term_string}"},"query-input":"required name=search_term_string"}],"inLanguage":"en-US"},{"@type":"WebPage","@id":"https:\/\/povljana.org\/poland\/nr-4-trail-ptica-wielkie-blato\/#webpage","url":"https:\/\/povljana.org\/poland\/nr-4-trail-ptica-wielkie-blato\/","name":"Nr 4 Trail \"Ptica\" Wielkie blato | Apartamenty MINT Povljana - Pag - Chorwacja","isPartOf":{"@id":"https:\/\/povljana.org\/poland\/#website"},"datePublished":"2016-12-28T08:36:27+00:00","dateModified":"2016-12-28T08:36:27+00:00","breadcrumb":{"@id":"https:\/\/povljana.org\/poland\/nr-4-trail-ptica-wielkie-blato\/#breadcrumb"},"inLanguage":"en-US","potentialAction":[{"@type":"ReadAction","target":["https:\/\/povljana.org\/poland\/nr-4-trail-ptica-wielkie-blato\/"]}]},{"@type":"BreadcrumbList","@id":"https:\/\/povljana.org\/poland\/nr-4-trail-ptica-wielkie-blato\/#breadcrumb","itemListElement":[{"@type":"ListItem","position":1,"name":"Po\u010detna stranica","item":"https:\/\/povljana.org\/poland\/"},{"@type":"ListItem","position":2,"name":"Nr 4 Trail &#8220;Ptica&#8221; Wielkie blato"}]}]}},"_links":{"self":[{"href":"https:\/\/povljana.org\/poland\/wp-json\/wp\/v2\/pages\/122"}],"collection":[{"href":"https:\/\/povljana.org\/poland\/wp-json\/wp\/v2\/pages"}],"about":[{"href":"https:\/\/povljana.org\/poland\/wp-json\/wp\/v2\/types\/page"}],"author":[{"embeddable":true,"href":"https:\/\/povljana.org\/poland\/wp-json\/wp\/v2\/users\/1"}],"replies":[{"embeddable":true,"href":"https:\/\/povljana.org\/poland\/wp-json\/wp\/v2\/comments?post=122"}],"version-history":[{"count":1,"href":"https:\/\/povljana.org\/poland\/wp-json\/wp\/v2\/pages\/122\/revisions"}],"predecessor-version":[{"id":130,"href":"https:\/\/povljana.org\/poland\/wp-json\/wp\/v2\/pages\/122\/revisions\/130"}],"wp:attachment":[{"href":"https:\/\/povljana.org\/poland\/wp-json\/wp\/v2\/media?parent=122"}],"curies":[{"name":"wp","href":"https:\/\/api.w.org\/{rel}","templated":true}]}}