{"id":123,"date":"2016-12-28T08:36:05","date_gmt":"2016-12-28T08:36:05","guid":{"rendered":"http:\/\/povljana.org\/poland\/?page_id=123"},"modified":"2016-12-28T08:36:05","modified_gmt":"2016-12-28T08:36:05","slug":"nr-5-trail-smokvica","status":"publish","type":"page","link":"https:\/\/povljana.org\/poland\/nr-5-trail-smokvica\/","title":{"rendered":"Nr 5 Trail &#8220;Smokvica&#8221;"},"content":{"rendered":"<p>Po 1 km od Povljana Povljana kierunku Starej zatoki, skr\u0119ci\u0107 w lewo na skrzy\u017cowaniu w kaplicy. Skr\u0119canie w prawo by dosta\u0107 si\u0119 na &#8220;Prutna&#8221; szlaku. Szlak rozpoczyna si\u0119 przy \u015bcie\u017cce prowadz\u0105cej do ziemi pi\u0119knej zatoce Stara Povljana, a dalej w ca\u0142ej niedost\u0119pnego terenu i ostrych ska\u0142ach. Trasa ta wymaga lepszej wytrzyma\u0142o\u015bci, zar\u00f3wno od Ciebie i Twojego roweru. Szlak ko\u0144czy si\u0119 w miejscowo\u015bci Smokvica.<\/p>\n<p>d\u0142uga \u00bb7 000 m<\/p>\n<p>\u00bbTylko dla rower\u00f3w g\u00f3rskich<\/p>\n<p>\u00bb0 &#8211; 3 000 m, o macadamized drogowego<\/p>\n<p>\u00bb3 000 &#8211; 5 500, ostre kamienie<\/p>\n<p>\u00bb5 500 &#8211; 6 930m, gliniane droga<\/p>\n<p>\u00bbWysoko\u015b\u0107 56 m wysoko\u015b\u0107 nad poziomem morza<\/p>\n","protected":false},"excerpt":{"rendered":"<p>Po 1 km od Povljana Povljana kierunku Starej zatoki, skr\u0119ci\u0107 w lewo na skrzy\u017cowaniu w kaplicy. Skr\u0119canie w prawo by dosta\u0107 si\u0119 na &#8220;Prutna&#8221; szlaku. Szlak rozpoczyna si\u0119 przy \u015bcie\u017cce prowadz\u0105cej do ziemi pi\u0119knej zatoce Stara Povljana, a dalej w ca\u0142ej niedost\u0119pnego terenu i ostrych ska\u0142ach. Trasa ta wymaga lepszej wytrzyma\u0142o\u015bci, zar\u00f3wno od Ciebie i<\/p>\n","protected":false},"author":1,"featured_media":0,"parent":0,"menu_order":0,"comment_status":"closed","ping_status":"closed","template":"","meta":[],"yoast_head":"<!-- This site is optimized with the Yoast SEO plugin v18.1 - https:\/\/yoast.com\/wordpress\/plugins\/seo\/ -->\n<title>Nr 5 Trail &quot;Smokvica&quot; | Apartamenty MINT Povljana - Pag - Chorwacja<\/title>\n<meta name=\"robots\" content=\"index, follow, max-snippet:-1, max-image-preview:large, max-video-preview:-1\" \/>\n<link rel=\"canonical\" href=\"https:\/\/povljana.org\/poland\/nr-5-trail-smokvica\/\" \/>\n<meta property=\"og:locale\" content=\"en_US\" \/>\n<meta property=\"og:type\" content=\"article\" \/>\n<meta property=\"og:title\" content=\"Nr 5 Trail &quot;Smokvica&quot; | Apartamenty MINT Povljana - Pag - Chorwacja\" \/>\n<meta property=\"og:description\" content=\"Po 1 km od Povljana Povljana kierunku Starej zatoki, skr\u0119ci\u0107 w lewo na skrzy\u017cowaniu w kaplicy. Skr\u0119canie w prawo by dosta\u0107 si\u0119 na &#8220;Prutna&#8221; szlaku. Szlak rozpoczyna si\u0119 przy \u015bcie\u017cce prowadz\u0105cej do ziemi pi\u0119knej zatoce Stara Povljana, a dalej w ca\u0142ej niedost\u0119pnego terenu i ostrych ska\u0142ach. Trasa ta wymaga lepszej wytrzyma\u0142o\u015bci, zar\u00f3wno od Ciebie i\" \/>\n<meta property=\"og:url\" content=\"https:\/\/povljana.org\/poland\/nr-5-trail-smokvica\/\" \/>\n<meta property=\"og:site_name\" content=\"Apartamenty MINT Povljana - Pag - Chorwacja\" \/>\n<meta property=\"article:publisher\" content=\"https:\/\/web.facebook.com\/apartmani.mint\/\" \/>\n<meta name=\"twitter:card\" content=\"summary\" \/>\n<meta name=\"twitter:label1\" content=\"Est. reading time\" \/>\n\t<meta name=\"twitter:data1\" content=\"1 minute\" \/>\n<script type=\"application\/ld+json\" class=\"yoast-schema-graph\">{\"@context\":\"https:\/\/schema.org\",\"@graph\":[{\"@type\":\"WebSite\",\"@id\":\"https:\/\/povljana.org\/poland\/#website\",\"url\":\"https:\/\/povljana.org\/poland\/\",\"name\":\"Apartamenty MINT Povljana - Pag - Chorwacja\",\"description\":\"Apartamenty MINT Povljana - Pag - Chorwacja\",\"potentialAction\":[{\"@type\":\"SearchAction\",\"target\":{\"@type\":\"EntryPoint\",\"urlTemplate\":\"https:\/\/povljana.org\/poland\/?s={search_term_string}\"},\"query-input\":\"required name=search_term_string\"}],\"inLanguage\":\"en-US\"},{\"@type\":\"WebPage\",\"@id\":\"https:\/\/povljana.org\/poland\/nr-5-trail-smokvica\/#webpage\",\"url\":\"https:\/\/povljana.org\/poland\/nr-5-trail-smokvica\/\",\"name\":\"Nr 5 Trail \\\"Smokvica\\\" | Apartamenty MINT Povljana - Pag - Chorwacja\",\"isPartOf\":{\"@id\":\"https:\/\/povljana.org\/poland\/#website\"},\"datePublished\":\"2016-12-28T08:36:05+00:00\",\"dateModified\":\"2016-12-28T08:36:05+00:00\",\"breadcrumb\":{\"@id\":\"https:\/\/povljana.org\/poland\/nr-5-trail-smokvica\/#breadcrumb\"},\"inLanguage\":\"en-US\",\"potentialAction\":[{\"@type\":\"ReadAction\",\"target\":[\"https:\/\/povljana.org\/poland\/nr-5-trail-smokvica\/\"]}]},{\"@type\":\"BreadcrumbList\",\"@id\":\"https:\/\/povljana.org\/poland\/nr-5-trail-smokvica\/#breadcrumb\",\"itemListElement\":[{\"@type\":\"ListItem\",\"position\":1,\"name\":\"Po\u010detna stranica\",\"item\":\"https:\/\/povljana.org\/poland\/\"},{\"@type\":\"ListItem\",\"position\":2,\"name\":\"Nr 5 Trail &#8220;Smokvica&#8221;\"}]}]}<\/script>\n<!-- \/ Yoast SEO plugin. -->","yoast_head_json":{"title":"Nr 5 Trail \"Smokvica\" | Apartamenty MINT Povljana - Pag - Chorwacja","robots":{"index":"index","follow":"follow","max-snippet":"max-snippet:-1","max-image-preview":"max-image-preview:large","max-video-preview":"max-video-preview:-1"},"canonical":"https:\/\/povljana.org\/poland\/nr-5-trail-smokvica\/","og_locale":"en_US","og_type":"article","og_title":"Nr 5 Trail \"Smokvica\" | Apartamenty MINT Povljana - Pag - Chorwacja","og_description":"Po 1 km od Povljana Povljana kierunku Starej zatoki, skr\u0119ci\u0107 w lewo na skrzy\u017cowaniu w kaplicy. Skr\u0119canie w prawo by dosta\u0107 si\u0119 na &#8220;Prutna&#8221; szlaku. Szlak rozpoczyna si\u0119 przy \u015bcie\u017cce prowadz\u0105cej do ziemi pi\u0119knej zatoce Stara Povljana, a dalej w ca\u0142ej niedost\u0119pnego terenu i ostrych ska\u0142ach. Trasa ta wymaga lepszej wytrzyma\u0142o\u015bci, zar\u00f3wno od Ciebie i","og_url":"https:\/\/povljana.org\/poland\/nr-5-trail-smokvica\/","og_site_name":"Apartamenty MINT Povljana - Pag - Chorwacja","article_publisher":"https:\/\/web.facebook.com\/apartmani.mint\/","twitter_card":"summary","twitter_misc":{"Est. reading time":"1 minute"},"schema":{"@context":"https:\/\/schema.org","@graph":[{"@type":"WebSite","@id":"https:\/\/povljana.org\/poland\/#website","url":"https:\/\/povljana.org\/poland\/","name":"Apartamenty MINT Povljana - Pag - Chorwacja","description":"Apartamenty MINT Povljana - Pag - Chorwacja","potentialAction":[{"@type":"SearchAction","target":{"@type":"EntryPoint","urlTemplate":"https:\/\/povljana.org\/poland\/?s={search_term_string}"},"query-input":"required name=search_term_string"}],"inLanguage":"en-US"},{"@type":"WebPage","@id":"https:\/\/povljana.org\/poland\/nr-5-trail-smokvica\/#webpage","url":"https:\/\/povljana.org\/poland\/nr-5-trail-smokvica\/","name":"Nr 5 Trail \"Smokvica\" | Apartamenty MINT Povljana - Pag - Chorwacja","isPartOf":{"@id":"https:\/\/povljana.org\/poland\/#website"},"datePublished":"2016-12-28T08:36:05+00:00","dateModified":"2016-12-28T08:36:05+00:00","breadcrumb":{"@id":"https:\/\/povljana.org\/poland\/nr-5-trail-smokvica\/#breadcrumb"},"inLanguage":"en-US","potentialAction":[{"@type":"ReadAction","target":["https:\/\/povljana.org\/poland\/nr-5-trail-smokvica\/"]}]},{"@type":"BreadcrumbList","@id":"https:\/\/povljana.org\/poland\/nr-5-trail-smokvica\/#breadcrumb","itemListElement":[{"@type":"ListItem","position":1,"name":"Po\u010detna stranica","item":"https:\/\/povljana.org\/poland\/"},{"@type":"ListItem","position":2,"name":"Nr 5 Trail &#8220;Smokvica&#8221;"}]}]}},"_links":{"self":[{"href":"https:\/\/povljana.org\/poland\/wp-json\/wp\/v2\/pages\/123"}],"collection":[{"href":"https:\/\/povljana.org\/poland\/wp-json\/wp\/v2\/pages"}],"about":[{"href":"https:\/\/povljana.org\/poland\/wp-json\/wp\/v2\/types\/page"}],"author":[{"embeddable":true,"href":"https:\/\/povljana.org\/poland\/wp-json\/wp\/v2\/users\/1"}],"replies":[{"embeddable":true,"href":"https:\/\/povljana.org\/poland\/wp-json\/wp\/v2\/comments?post=123"}],"version-history":[{"count":2,"href":"https:\/\/povljana.org\/poland\/wp-json\/wp\/v2\/pages\/123\/revisions"}],"predecessor-version":[{"id":129,"href":"https:\/\/povljana.org\/poland\/wp-json\/wp\/v2\/pages\/123\/revisions\/129"}],"wp:attachment":[{"href":"https:\/\/povljana.org\/poland\/wp-json\/wp\/v2\/media?parent=123"}],"curies":[{"name":"wp","href":"https:\/\/api.w.org\/{rel}","templated":true}]}}