{"id":124,"date":"2016-12-28T08:35:50","date_gmt":"2016-12-28T08:35:50","guid":{"rendered":"http:\/\/povljana.org\/poland\/?page_id=124"},"modified":"2016-12-28T08:35:50","modified_gmt":"2016-12-28T08:35:50","slug":"nr-6-trail-prutna","status":"publish","type":"page","link":"https:\/\/povljana.org\/poland\/nr-6-trail-prutna\/","title":{"rendered":"Nr 6 Trail &#8220;Prutna&#8221;"},"content":{"rendered":"<p>Po 1 km od Povljana Povljana kierunku Starej zatoki, skr\u0119ci\u0107 w prawo na skrzy\u017cowaniu w kaplicy. \u015acie\u017cka rozpoczyna si\u0119 drog\u0105 asfaltow\u0105 przez pola; niewielkie wzniesienie nast\u0119puje. Ca\u0142y dysk jest przez skaliste \u015brodowisku wzd\u0142u\u017c samym grzbiecie p\u00f3\u0142wyspu Prutna. Po lewej stronie znajduje si\u0119 pi\u0119kny widok z widokiem na zatok\u0119 Stara Povljana, natomiast kana\u0142 Povljana i wyspa Vir mo\u017cna zobaczy\u0107 po prawej stronie.<\/p>\n<p>d\u0142uga \u00bb7 600 m<\/p>\n<p>\u00bbNa rowerach g\u00f3rskich i trek<\/p>\n<p>\u00bb0 &#8211; 1 500 m, gliniane i kamienista \u015bcie\u017cka<\/p>\n<p>\u00bb1 500 &#8211; 7 600 m, ostre kamienie<\/p>\n<p>\u00bbWysoko\u015b\u0107 npm 45 m.<\/p>\n","protected":false},"excerpt":{"rendered":"<p>Po 1 km od Povljana Povljana kierunku Starej zatoki, skr\u0119ci\u0107 w prawo na skrzy\u017cowaniu w kaplicy. \u015acie\u017cka rozpoczyna si\u0119 drog\u0105 asfaltow\u0105 przez pola; niewielkie wzniesienie nast\u0119puje. Ca\u0142y dysk jest przez skaliste \u015brodowisku wzd\u0142u\u017c samym grzbiecie p\u00f3\u0142wyspu Prutna. Po lewej stronie znajduje si\u0119 pi\u0119kny widok z widokiem na zatok\u0119 Stara Povljana, natomiast kana\u0142 Povljana i wyspa<\/p>\n","protected":false},"author":1,"featured_media":0,"parent":0,"menu_order":0,"comment_status":"closed","ping_status":"closed","template":"","meta":[],"yoast_head":"<!-- This site is optimized with the Yoast SEO plugin v18.1 - https:\/\/yoast.com\/wordpress\/plugins\/seo\/ -->\n<title>Nr 6 Trail &quot;Prutna&quot; | Apartamenty MINT Povljana - Pag - Chorwacja<\/title>\n<meta name=\"robots\" content=\"index, follow, max-snippet:-1, max-image-preview:large, max-video-preview:-1\" \/>\n<link rel=\"canonical\" href=\"https:\/\/povljana.org\/poland\/nr-6-trail-prutna\/\" \/>\n<meta property=\"og:locale\" content=\"en_US\" \/>\n<meta property=\"og:type\" content=\"article\" \/>\n<meta property=\"og:title\" content=\"Nr 6 Trail &quot;Prutna&quot; | Apartamenty MINT Povljana - Pag - Chorwacja\" \/>\n<meta property=\"og:description\" content=\"Po 1 km od Povljana Povljana kierunku Starej zatoki, skr\u0119ci\u0107 w prawo na skrzy\u017cowaniu w kaplicy. \u015acie\u017cka rozpoczyna si\u0119 drog\u0105 asfaltow\u0105 przez pola; niewielkie wzniesienie nast\u0119puje. Ca\u0142y dysk jest przez skaliste \u015brodowisku wzd\u0142u\u017c samym grzbiecie p\u00f3\u0142wyspu Prutna. Po lewej stronie znajduje si\u0119 pi\u0119kny widok z widokiem na zatok\u0119 Stara Povljana, natomiast kana\u0142 Povljana i wyspa\" \/>\n<meta property=\"og:url\" content=\"https:\/\/povljana.org\/poland\/nr-6-trail-prutna\/\" \/>\n<meta property=\"og:site_name\" content=\"Apartamenty MINT Povljana - Pag - Chorwacja\" \/>\n<meta property=\"article:publisher\" content=\"https:\/\/web.facebook.com\/apartmani.mint\/\" \/>\n<meta name=\"twitter:card\" content=\"summary\" \/>\n<script type=\"application\/ld+json\" class=\"yoast-schema-graph\">{\"@context\":\"https:\/\/schema.org\",\"@graph\":[{\"@type\":\"WebSite\",\"@id\":\"https:\/\/povljana.org\/poland\/#website\",\"url\":\"https:\/\/povljana.org\/poland\/\",\"name\":\"Apartamenty MINT Povljana - Pag - Chorwacja\",\"description\":\"Apartamenty MINT Povljana - Pag - Chorwacja\",\"potentialAction\":[{\"@type\":\"SearchAction\",\"target\":{\"@type\":\"EntryPoint\",\"urlTemplate\":\"https:\/\/povljana.org\/poland\/?s={search_term_string}\"},\"query-input\":\"required name=search_term_string\"}],\"inLanguage\":\"en-US\"},{\"@type\":\"WebPage\",\"@id\":\"https:\/\/povljana.org\/poland\/nr-6-trail-prutna\/#webpage\",\"url\":\"https:\/\/povljana.org\/poland\/nr-6-trail-prutna\/\",\"name\":\"Nr 6 Trail \\\"Prutna\\\" | Apartamenty MINT Povljana - Pag - Chorwacja\",\"isPartOf\":{\"@id\":\"https:\/\/povljana.org\/poland\/#website\"},\"datePublished\":\"2016-12-28T08:35:50+00:00\",\"dateModified\":\"2016-12-28T08:35:50+00:00\",\"breadcrumb\":{\"@id\":\"https:\/\/povljana.org\/poland\/nr-6-trail-prutna\/#breadcrumb\"},\"inLanguage\":\"en-US\",\"potentialAction\":[{\"@type\":\"ReadAction\",\"target\":[\"https:\/\/povljana.org\/poland\/nr-6-trail-prutna\/\"]}]},{\"@type\":\"BreadcrumbList\",\"@id\":\"https:\/\/povljana.org\/poland\/nr-6-trail-prutna\/#breadcrumb\",\"itemListElement\":[{\"@type\":\"ListItem\",\"position\":1,\"name\":\"Po\u010detna stranica\",\"item\":\"https:\/\/povljana.org\/poland\/\"},{\"@type\":\"ListItem\",\"position\":2,\"name\":\"Nr 6 Trail &#8220;Prutna&#8221;\"}]}]}<\/script>\n<!-- \/ Yoast SEO plugin. -->","yoast_head_json":{"title":"Nr 6 Trail \"Prutna\" | Apartamenty MINT Povljana - Pag - Chorwacja","robots":{"index":"index","follow":"follow","max-snippet":"max-snippet:-1","max-image-preview":"max-image-preview:large","max-video-preview":"max-video-preview:-1"},"canonical":"https:\/\/povljana.org\/poland\/nr-6-trail-prutna\/","og_locale":"en_US","og_type":"article","og_title":"Nr 6 Trail \"Prutna\" | Apartamenty MINT Povljana - Pag - Chorwacja","og_description":"Po 1 km od Povljana Povljana kierunku Starej zatoki, skr\u0119ci\u0107 w prawo na skrzy\u017cowaniu w kaplicy. \u015acie\u017cka rozpoczyna si\u0119 drog\u0105 asfaltow\u0105 przez pola; niewielkie wzniesienie nast\u0119puje. Ca\u0142y dysk jest przez skaliste \u015brodowisku wzd\u0142u\u017c samym grzbiecie p\u00f3\u0142wyspu Prutna. Po lewej stronie znajduje si\u0119 pi\u0119kny widok z widokiem na zatok\u0119 Stara Povljana, natomiast kana\u0142 Povljana i wyspa","og_url":"https:\/\/povljana.org\/poland\/nr-6-trail-prutna\/","og_site_name":"Apartamenty MINT Povljana - Pag - Chorwacja","article_publisher":"https:\/\/web.facebook.com\/apartmani.mint\/","twitter_card":"summary","schema":{"@context":"https:\/\/schema.org","@graph":[{"@type":"WebSite","@id":"https:\/\/povljana.org\/poland\/#website","url":"https:\/\/povljana.org\/poland\/","name":"Apartamenty MINT Povljana - Pag - Chorwacja","description":"Apartamenty MINT Povljana - Pag - Chorwacja","potentialAction":[{"@type":"SearchAction","target":{"@type":"EntryPoint","urlTemplate":"https:\/\/povljana.org\/poland\/?s={search_term_string}"},"query-input":"required name=search_term_string"}],"inLanguage":"en-US"},{"@type":"WebPage","@id":"https:\/\/povljana.org\/poland\/nr-6-trail-prutna\/#webpage","url":"https:\/\/povljana.org\/poland\/nr-6-trail-prutna\/","name":"Nr 6 Trail \"Prutna\" | Apartamenty MINT Povljana - Pag - Chorwacja","isPartOf":{"@id":"https:\/\/povljana.org\/poland\/#website"},"datePublished":"2016-12-28T08:35:50+00:00","dateModified":"2016-12-28T08:35:50+00:00","breadcrumb":{"@id":"https:\/\/povljana.org\/poland\/nr-6-trail-prutna\/#breadcrumb"},"inLanguage":"en-US","potentialAction":[{"@type":"ReadAction","target":["https:\/\/povljana.org\/poland\/nr-6-trail-prutna\/"]}]},{"@type":"BreadcrumbList","@id":"https:\/\/povljana.org\/poland\/nr-6-trail-prutna\/#breadcrumb","itemListElement":[{"@type":"ListItem","position":1,"name":"Po\u010detna stranica","item":"https:\/\/povljana.org\/poland\/"},{"@type":"ListItem","position":2,"name":"Nr 6 Trail &#8220;Prutna&#8221;"}]}]}},"_links":{"self":[{"href":"https:\/\/povljana.org\/poland\/wp-json\/wp\/v2\/pages\/124"}],"collection":[{"href":"https:\/\/povljana.org\/poland\/wp-json\/wp\/v2\/pages"}],"about":[{"href":"https:\/\/povljana.org\/poland\/wp-json\/wp\/v2\/types\/page"}],"author":[{"embeddable":true,"href":"https:\/\/povljana.org\/poland\/wp-json\/wp\/v2\/users\/1"}],"replies":[{"embeddable":true,"href":"https:\/\/povljana.org\/poland\/wp-json\/wp\/v2\/comments?post=124"}],"version-history":[{"count":1,"href":"https:\/\/povljana.org\/poland\/wp-json\/wp\/v2\/pages\/124\/revisions"}],"predecessor-version":[{"id":127,"href":"https:\/\/povljana.org\/poland\/wp-json\/wp\/v2\/pages\/124\/revisions\/127"}],"wp:attachment":[{"href":"https:\/\/povljana.org\/poland\/wp-json\/wp\/v2\/media?parent=124"}],"curies":[{"name":"wp","href":"https:\/\/api.w.org\/{rel}","templated":true}]}}