{"id":125,"date":"2016-12-28T08:35:33","date_gmt":"2016-12-28T08:35:33","guid":{"rendered":"http:\/\/povljana.org\/poland\/?page_id=125"},"modified":"2016-12-28T08:35:33","modified_gmt":"2016-12-28T08:35:33","slug":"nr-7-trail-rt-dubrownik","status":"publish","type":"page","link":"https:\/\/povljana.org\/poland\/nr-7-trail-rt-dubrownik\/","title":{"rendered":"Nr 7 Trail &#8220;Rt Dubrownik&#8221;"},"content":{"rendered":"<p>Gdzie ko\u0144czy Dubrownik rozliczenie pierwsza cz\u0119\u015b\u0107 szlaku zaczyna. Prowadzi wzd\u0142u\u017c wybrze\u017ca przez gaju na obrze\u017cach kt\u00f3rego znajduje si\u0119 pla\u017ca. Obok tej wspania\u0142ej pla\u017cy borowiny &#8220;Segal&#8221; zosta\u0142 znaleziony. B\u0119dziesz si\u0119 w drzwi, kt\u00f3re powinny by\u0107 zamkni\u0119te. Szlak pokryte ostrymi ska\u0142ami zaczyna si\u0119 lekko wznosi\u0107. Z g\u00f3rnej cz\u0119\u015bci szlak pi\u0119knym widokiem otwiera widokiem Ko\u0161ljun zatok\u0119 w prawo. Niezale\u017cnie od tego, jak trudne jest to \u015bcie\u017cka, to nie jest bardzo d\u0142uga. Cz\u0119\u015bci d\u0119tki powinno by\u0107 wniesione tylko w przypadku, poniewa\u017c ostre ska\u0142y i ciernie mog\u0105 \u0142atwo przebi\u0107 opony. Ostatnia cz\u0119\u015b\u0107 szlaku prowadzi obok domk\u00f3w pasterskich i zagr\u00f3d. Trasa ko\u0144czy si\u0119 na drodze do Povljana, 1 km, a 400 m od hotelu znajduje si\u0119 tak\u017ce szlak &#8220;Ptica&#8221; w Wielkim Blato.<\/p>\n<p>d\u0142uga \u00bb4 800 m<\/p>\n<p>\u00bbNa rowerach g\u00f3rskich i trek<\/p>\n<p>\u00bb0 &#8211; 1 700 m gliniane i kamienista \u015bcie\u017cka<\/p>\n<p>\u00bb1 700 &#8211; 4 800 M a macadamized \u015bcie\u017cka (ostre kamienie)<\/p>\n<p>\u00bbWysoko\u015b\u0107 wysoko\u015b\u0107 16,4 m.<\/p>\n","protected":false},"excerpt":{"rendered":"<p>Gdzie ko\u0144czy Dubrownik rozliczenie pierwsza cz\u0119\u015b\u0107 szlaku zaczyna. Prowadzi wzd\u0142u\u017c wybrze\u017ca przez gaju na obrze\u017cach kt\u00f3rego znajduje si\u0119 pla\u017ca. Obok tej wspania\u0142ej pla\u017cy borowiny &#8220;Segal&#8221; zosta\u0142 znaleziony. B\u0119dziesz si\u0119 w drzwi, kt\u00f3re powinny by\u0107 zamkni\u0119te. Szlak pokryte ostrymi ska\u0142ami zaczyna si\u0119 lekko wznosi\u0107. Z g\u00f3rnej cz\u0119\u015bci szlak pi\u0119knym widokiem otwiera widokiem Ko\u0161ljun zatok\u0119 w prawo.<\/p>\n","protected":false},"author":1,"featured_media":0,"parent":0,"menu_order":0,"comment_status":"closed","ping_status":"closed","template":"","meta":[],"yoast_head":"<!-- This site is optimized with the Yoast SEO plugin v18.1 - https:\/\/yoast.com\/wordpress\/plugins\/seo\/ -->\n<title>Nr 7 Trail &quot;Rt Dubrownik&quot; | Apartamenty MINT Povljana - Pag - Chorwacja<\/title>\n<meta name=\"robots\" content=\"index, follow, max-snippet:-1, max-image-preview:large, max-video-preview:-1\" \/>\n<link rel=\"canonical\" href=\"https:\/\/povljana.org\/poland\/nr-7-trail-rt-dubrownik\/\" \/>\n<meta property=\"og:locale\" content=\"en_US\" \/>\n<meta property=\"og:type\" content=\"article\" \/>\n<meta property=\"og:title\" content=\"Nr 7 Trail &quot;Rt Dubrownik&quot; | Apartamenty MINT Povljana - Pag - Chorwacja\" \/>\n<meta property=\"og:description\" content=\"Gdzie ko\u0144czy Dubrownik rozliczenie pierwsza cz\u0119\u015b\u0107 szlaku zaczyna. Prowadzi wzd\u0142u\u017c wybrze\u017ca przez gaju na obrze\u017cach kt\u00f3rego znajduje si\u0119 pla\u017ca. Obok tej wspania\u0142ej pla\u017cy borowiny &#8220;Segal&#8221; zosta\u0142 znaleziony. B\u0119dziesz si\u0119 w drzwi, kt\u00f3re powinny by\u0107 zamkni\u0119te. Szlak pokryte ostrymi ska\u0142ami zaczyna si\u0119 lekko wznosi\u0107. Z g\u00f3rnej cz\u0119\u015bci szlak pi\u0119knym widokiem otwiera widokiem Ko\u0161ljun zatok\u0119 w prawo.\" \/>\n<meta property=\"og:url\" content=\"https:\/\/povljana.org\/poland\/nr-7-trail-rt-dubrownik\/\" \/>\n<meta property=\"og:site_name\" content=\"Apartamenty MINT Povljana - Pag - Chorwacja\" \/>\n<meta property=\"article:publisher\" content=\"https:\/\/web.facebook.com\/apartmani.mint\/\" \/>\n<meta name=\"twitter:card\" content=\"summary\" \/>\n<meta name=\"twitter:label1\" content=\"Est. reading time\" \/>\n\t<meta name=\"twitter:data1\" content=\"1 minute\" \/>\n<script type=\"application\/ld+json\" class=\"yoast-schema-graph\">{\"@context\":\"https:\/\/schema.org\",\"@graph\":[{\"@type\":\"WebSite\",\"@id\":\"https:\/\/povljana.org\/poland\/#website\",\"url\":\"https:\/\/povljana.org\/poland\/\",\"name\":\"Apartamenty MINT Povljana - Pag - Chorwacja\",\"description\":\"Apartamenty MINT Povljana - Pag - Chorwacja\",\"potentialAction\":[{\"@type\":\"SearchAction\",\"target\":{\"@type\":\"EntryPoint\",\"urlTemplate\":\"https:\/\/povljana.org\/poland\/?s={search_term_string}\"},\"query-input\":\"required name=search_term_string\"}],\"inLanguage\":\"en-US\"},{\"@type\":\"WebPage\",\"@id\":\"https:\/\/povljana.org\/poland\/nr-7-trail-rt-dubrownik\/#webpage\",\"url\":\"https:\/\/povljana.org\/poland\/nr-7-trail-rt-dubrownik\/\",\"name\":\"Nr 7 Trail \\\"Rt Dubrownik\\\" | Apartamenty MINT Povljana - Pag - Chorwacja\",\"isPartOf\":{\"@id\":\"https:\/\/povljana.org\/poland\/#website\"},\"datePublished\":\"2016-12-28T08:35:33+00:00\",\"dateModified\":\"2016-12-28T08:35:33+00:00\",\"breadcrumb\":{\"@id\":\"https:\/\/povljana.org\/poland\/nr-7-trail-rt-dubrownik\/#breadcrumb\"},\"inLanguage\":\"en-US\",\"potentialAction\":[{\"@type\":\"ReadAction\",\"target\":[\"https:\/\/povljana.org\/poland\/nr-7-trail-rt-dubrownik\/\"]}]},{\"@type\":\"BreadcrumbList\",\"@id\":\"https:\/\/povljana.org\/poland\/nr-7-trail-rt-dubrownik\/#breadcrumb\",\"itemListElement\":[{\"@type\":\"ListItem\",\"position\":1,\"name\":\"Po\u010detna stranica\",\"item\":\"https:\/\/povljana.org\/poland\/\"},{\"@type\":\"ListItem\",\"position\":2,\"name\":\"Nr 7 Trail &#8220;Rt Dubrownik&#8221;\"}]}]}<\/script>\n<!-- \/ Yoast SEO plugin. -->","yoast_head_json":{"title":"Nr 7 Trail \"Rt Dubrownik\" | Apartamenty MINT Povljana - Pag - Chorwacja","robots":{"index":"index","follow":"follow","max-snippet":"max-snippet:-1","max-image-preview":"max-image-preview:large","max-video-preview":"max-video-preview:-1"},"canonical":"https:\/\/povljana.org\/poland\/nr-7-trail-rt-dubrownik\/","og_locale":"en_US","og_type":"article","og_title":"Nr 7 Trail \"Rt Dubrownik\" | Apartamenty MINT Povljana - Pag - Chorwacja","og_description":"Gdzie ko\u0144czy Dubrownik rozliczenie pierwsza cz\u0119\u015b\u0107 szlaku zaczyna. Prowadzi wzd\u0142u\u017c wybrze\u017ca przez gaju na obrze\u017cach kt\u00f3rego znajduje si\u0119 pla\u017ca. Obok tej wspania\u0142ej pla\u017cy borowiny &#8220;Segal&#8221; zosta\u0142 znaleziony. B\u0119dziesz si\u0119 w drzwi, kt\u00f3re powinny by\u0107 zamkni\u0119te. Szlak pokryte ostrymi ska\u0142ami zaczyna si\u0119 lekko wznosi\u0107. Z g\u00f3rnej cz\u0119\u015bci szlak pi\u0119knym widokiem otwiera widokiem Ko\u0161ljun zatok\u0119 w prawo.","og_url":"https:\/\/povljana.org\/poland\/nr-7-trail-rt-dubrownik\/","og_site_name":"Apartamenty MINT Povljana - Pag - Chorwacja","article_publisher":"https:\/\/web.facebook.com\/apartmani.mint\/","twitter_card":"summary","twitter_misc":{"Est. reading time":"1 minute"},"schema":{"@context":"https:\/\/schema.org","@graph":[{"@type":"WebSite","@id":"https:\/\/povljana.org\/poland\/#website","url":"https:\/\/povljana.org\/poland\/","name":"Apartamenty MINT Povljana - Pag - Chorwacja","description":"Apartamenty MINT Povljana - Pag - Chorwacja","potentialAction":[{"@type":"SearchAction","target":{"@type":"EntryPoint","urlTemplate":"https:\/\/povljana.org\/poland\/?s={search_term_string}"},"query-input":"required name=search_term_string"}],"inLanguage":"en-US"},{"@type":"WebPage","@id":"https:\/\/povljana.org\/poland\/nr-7-trail-rt-dubrownik\/#webpage","url":"https:\/\/povljana.org\/poland\/nr-7-trail-rt-dubrownik\/","name":"Nr 7 Trail \"Rt Dubrownik\" | Apartamenty MINT Povljana - Pag - Chorwacja","isPartOf":{"@id":"https:\/\/povljana.org\/poland\/#website"},"datePublished":"2016-12-28T08:35:33+00:00","dateModified":"2016-12-28T08:35:33+00:00","breadcrumb":{"@id":"https:\/\/povljana.org\/poland\/nr-7-trail-rt-dubrownik\/#breadcrumb"},"inLanguage":"en-US","potentialAction":[{"@type":"ReadAction","target":["https:\/\/povljana.org\/poland\/nr-7-trail-rt-dubrownik\/"]}]},{"@type":"BreadcrumbList","@id":"https:\/\/povljana.org\/poland\/nr-7-trail-rt-dubrownik\/#breadcrumb","itemListElement":[{"@type":"ListItem","position":1,"name":"Po\u010detna stranica","item":"https:\/\/povljana.org\/poland\/"},{"@type":"ListItem","position":2,"name":"Nr 7 Trail &#8220;Rt Dubrownik&#8221;"}]}]}},"_links":{"self":[{"href":"https:\/\/povljana.org\/poland\/wp-json\/wp\/v2\/pages\/125"}],"collection":[{"href":"https:\/\/povljana.org\/poland\/wp-json\/wp\/v2\/pages"}],"about":[{"href":"https:\/\/povljana.org\/poland\/wp-json\/wp\/v2\/types\/page"}],"author":[{"embeddable":true,"href":"https:\/\/povljana.org\/poland\/wp-json\/wp\/v2\/users\/1"}],"replies":[{"embeddable":true,"href":"https:\/\/povljana.org\/poland\/wp-json\/wp\/v2\/comments?post=125"}],"version-history":[{"count":1,"href":"https:\/\/povljana.org\/poland\/wp-json\/wp\/v2\/pages\/125\/revisions"}],"predecessor-version":[{"id":126,"href":"https:\/\/povljana.org\/poland\/wp-json\/wp\/v2\/pages\/125\/revisions\/126"}],"wp:attachment":[{"href":"https:\/\/povljana.org\/poland\/wp-json\/wp\/v2\/media?parent=125"}],"curies":[{"name":"wp","href":"https:\/\/api.w.org\/{rel}","templated":true}]}}